{"id":1464,"date":"2025-10-29T09:07:37","date_gmt":"2025-10-29T08:07:37","guid":{"rendered":"https:\/\/neptura.invbit.systems\/contact\/"},"modified":"2025-12-11T11:56:50","modified_gmt":"2025-12-11T10:56:50","slug":"contact","status":"publish","type":"page","link":"https:\/\/neptura.invbit.systems\/fr\/contact\/","title":{"rendered":"Contactez-nous"},"content":{"rendered":"<p>[et_pb_section fb_built=&#8221;1&#8243; admin_label=&#8221;Section T\u00edtulo&#8221; module_class=&#8221;seccion_video fondo_azul&#8221; _builder_version=&#8221;4.27.4&#8243; _module_preset=&#8221;default&#8221; background_image=&#8221;https:\/\/neptura.invbit.systems\/wp-content\/uploads\/2025\/10\/Seccion-9.png&#8221; global_colors_info=&#8221;{}&#8221;][et_pb_row _builder_version=&#8221;4.27.4&#8243; _module_preset=&#8221;default&#8221; global_colors_info=&#8221;{}&#8221;][et_pb_column type=&#8221;4_4&#8243; _builder_version=&#8221;4.27.4&#8243; _module_preset=&#8221;default&#8221; global_colors_info=&#8221;{}&#8221;][et_pb_text admin_label=&#8221;T\u00edtulo&#8221; _builder_version=&#8221;4.27.5&#8243; _module_preset=&#8221;default&#8221; animation_style=&#8221;fade&#8221; hover_enabled=&#8221;0&#8243; global_colors_info=&#8221;{}&#8221; sticky_enabled=&#8221;0&#8243;]<\/p>\n<h1>Contactez-nous<\/h1>\n<p>[\/et_pb_text][\/et_pb_column][\/et_pb_row][et_pb_row column_structure=&#8221;1_2,1_2&#8243; module_class=&#8221;fila_scroll&#8221; _builder_version=&#8221;4.27.4&#8243; _module_preset=&#8221;default&#8221; global_colors_info=&#8221;{}&#8221;][et_pb_column type=&#8221;1_2&#8243; _builder_version=&#8221;4.27.4&#8243; _module_preset=&#8221;default&#8221; global_colors_info=&#8221;{}&#8221;][et_pb_image src=&#8221;https:\/\/neptura.invbit.systems\/wp-content\/uploads\/2025\/03\/Vector-30.svg&#8221; title_text=&#8221;Vector (30)&#8221; _builder_version=&#8221;4.27.4&#8243; _module_preset=&#8221;default&#8221; global_colors_info=&#8221;{}&#8221;][\/et_pb_image][\/et_pb_column][et_pb_column type=&#8221;1_2&#8243; _builder_version=&#8221;4.27.4&#8243; _module_preset=&#8221;default&#8221; global_colors_info=&#8221;{}&#8221;][et_pb_text _builder_version=&#8221;4.27.4&#8243; _module_preset=&#8221;default&#8221; global_colors_info=&#8221;{}&#8221;]Scroll to Explore[\/et_pb_text][\/et_pb_column][\/et_pb_row][\/et_pb_section][et_pb_section fb_built=&#8221;1&#8243; admin_label=&#8221;Secci\u00f3n formularios&#8221; module_class=&#8221;fondo_marron seccion_formularios&#8221; _builder_version=&#8221;4.27.4&#8243; _module_preset=&#8221;default&#8221; global_colors_info=&#8221;{}&#8221;][et_pb_row column_structure=&#8221;2_5,3_5&#8243; make_equal=&#8221;on&#8221; module_id=&#8221;joinourteam&#8221; _builder_version=&#8221;4.27.4&#8243; _module_preset=&#8221;default&#8221; global_colors_info=&#8221;{}&#8221;][et_pb_column type=&#8221;2_5&#8243; module_class=&#8221;columna_imagenes&#8221; _builder_version=&#8221;4.27.4&#8243; _module_preset=&#8221;default&#8221; global_colors_info=&#8221;{}&#8221;][et_pb_text admin_label=&#8221;T\u00edtulo&#8221; _builder_version=&#8221;4.27.5&#8243; _module_preset=&#8221;default&#8221; animation_style=&#8221;fade&#8221; global_colors_info=&#8221;{}&#8221;]<\/p>\n<h2>Les personnes sont au c\u0153ur de nos op\u00e9rations.<\/h2>\n<p>[\/et_pb_text][et_pb_text module_class=&#8221;texto_medio&#8221; _builder_version=&#8221;4.27.5&#8243; _module_preset=&#8221;default&#8221; global_colors_info=&#8221;{}&#8221;]<\/p>\n<p>Leurs comp\u00e9tences, leur passion et leur engagement \u00e0 produire les meilleurs produits sont essentiels \u00e0 notre succ\u00e8s. Notre \u00e9quipe de 400 personnes est, sans aucun doute, notre atout le plus pr\u00e9cieux. Nous nous engageons \u00e0 attirer, former et retenir les meilleurs talents du secteur, et \u00e0 nous assurer que nos collaborateurs ont la possibilit\u00e9 de d\u00e9velopper leurs comp\u00e9tences et de faire progresser leur carri\u00e8re au sein de notre organisation.<\/p>\n<p>[\/et_pb_text][et_pb_image src=&#8221;https:\/\/neptura.invbit.systems\/wp-content\/uploads\/2025\/10\/image-4.svg&#8221; title_text=&#8221;image 4&#8243; force_fullwidth=&#8221;on&#8221; module_class=&#8221;imagen_patron&#8221; _builder_version=&#8221;4.27.5&#8243; _module_preset=&#8221;default&#8221; global_colors_info=&#8221;{}&#8221;][\/et_pb_image][et_pb_image src=&#8221;https:\/\/neptura.invbit.systems\/wp-content\/uploads\/2025\/10\/Mascara-11.png&#8221; title_text=&#8221;Ma\u0301scara 11&#8243; align=&#8221;right&#8221; _builder_version=&#8221;4.27.4&#8243; _module_preset=&#8221;default&#8221; global_colors_info=&#8221;{}&#8221;][\/et_pb_image][\/et_pb_column][et_pb_column type=&#8221;3_5&#8243; _builder_version=&#8221;4.27.4&#8243; _module_preset=&#8221;default&#8221; global_colors_info=&#8221;{}&#8221;][et_pb_code module_class=&#8221;formulario&#8221; _builder_version=&#8221;4.27.4&#8243; _module_preset=&#8221;default&#8221; global_colors_info=&#8221;{}&#8221;]\n<div class=\"wpcf7 no-js\" id=\"wpcf7-f1847-o1\" lang=\"es-ES\" dir=\"ltr\" data-wpcf7-id=\"1847\">\n<div class=\"screen-reader-response\"><p role=\"status\" aria-live=\"polite\" aria-atomic=\"true\"><\/p> <ul><\/ul><\/div>\n<form action=\"\/fr\/wp-json\/wp\/v2\/pages\/1464#wpcf7-f1847-o1\" method=\"post\" class=\"wpcf7-form init\" aria-label=\"Contact form\" enctype=\"multipart\/form-data\" novalidate=\"novalidate\" data-status=\"init\">\n<fieldset class=\"hidden-fields-container\"><input type=\"hidden\" name=\"_wpcf7\" value=\"1847\" \/><input type=\"hidden\" name=\"_wpcf7_version\" value=\"6.1.4\" \/><input type=\"hidden\" name=\"_wpcf7_locale\" value=\"es_ES\" \/><input type=\"hidden\" name=\"_wpcf7_unit_tag\" value=\"wpcf7-f1847-o1\" \/><input type=\"hidden\" name=\"_wpcf7_container_post\" value=\"0\" \/><input type=\"hidden\" name=\"_wpcf7_posted_data_hash\" value=\"\" \/>\n<\/fieldset>\n<h3>Rejoignez notre \u00e9quipe\n<\/h3>\n<input class=\"wpcf7-form-control wpcf7-hidden\" value=\"Formulaire de contact\" type=\"hidden\" name=\"your-subject\" \/>\n<p><label>Nom<br \/>\n<span class=\"wpcf7-form-control-wrap\" data-name=\"your-name\"><input size=\"40\" maxlength=\"400\" class=\"wpcf7-form-control wpcf7-text wpcf7-validates-as-required\" aria-required=\"true\" aria-invalid=\"false\" value=\"\" type=\"text\" name=\"your-name\" \/><\/span><br \/>\n<\/label>\n<\/p>\n<p><label>E-mail<br \/>\n<span class=\"wpcf7-form-control-wrap\" data-name=\"your-email\"><input size=\"40\" maxlength=\"400\" class=\"wpcf7-form-control wpcf7-email wpcf7-validates-as-required wpcf7-text wpcf7-validates-as-email\" aria-required=\"true\" aria-invalid=\"false\" value=\"\" type=\"email\" name=\"your-email\" \/><\/span><br \/>\n<\/label>\n<\/p>\n<p><label>Message<br \/>\n<span class=\"wpcf7-form-control-wrap\" data-name=\"your-message\"><textarea cols=\"40\" rows=\"10\" maxlength=\"2000\" class=\"wpcf7-form-control wpcf7-textarea\" aria-invalid=\"false\" name=\"your-message\"><\/textarea><\/span><br \/>\n<\/label>\n<\/p>\n<p><label class=\"formulario__file\"> Joindre un fichier<br \/>\n<span class=\"custom-file\"><span class=\"wpcf7-form-control-wrap\" data-name=\"your-file\"><input size=\"40\" class=\"wpcf7-form-control wpcf7-file wpcf7-validates-as-required file-input\" id=\"input-file\" accept=\"audio\/*,video\/*,image\/*\" aria-required=\"true\" aria-invalid=\"false\" type=\"file\" name=\"your-file\" \/><\/span><span class=\"file-label\">S\u00e9lectionner un fichier<\/span><\/span><span class=\"file-name\"><\/span><br \/>\n<\/label>\n<\/p>\n<p>Les donn\u00e9es personnelles que vous fournissez dans cette candidature seront trait\u00e9es par STOLT SEA FARM, S.A. afin de g\u00e9rer votre demande. Vous pouvez exercer vos droits d'acc\u00e8s, de rectification, d'effacement, d'opposition, de limitation du traitement et de portabilit\u00e9 des donn\u00e9es, ou retirer votre consentement, par courrier postal \u00e0 l'adresse Punta de los Remedios, s\/n \u2013 15292 Lira-Carnota (A Coru\u00f1a), en joignant votre DNI ou un document \u00e9quivalent, en vous identifiant comme candidat \u00e0 ce poste et en pr\u00e9cisant votre demande.\n<\/p>\n<p>Pour plus d\u2019informations sur le traitement de vos donn\u00e9es, veuillez consulter la<br \/>\n<a href=\"\/fr\/privacy-policy\/\" target=\"_blank\">politique de confidentialit\u00e9<\/a>.\n<\/p>\n<p>En soumettant votre candidature, vous consentez au traitement de vos donn\u00e9es personnelles.\n<\/p>\n<p><input class=\"wpcf7-form-control wpcf7-submit has-spinner cta\" type=\"submit\" value=\"Envoyer\" \/>\n<\/p><div class=\"wpcf7-response-output\" aria-hidden=\"true\"><\/div>\n<\/form>\n<\/div>\n[\/et_pb_code][et_pb_image src=&#8221;https:\/\/neptura.invbit.systems\/wp-content\/uploads\/2025\/11\/Mascara-11-3.png&#8221; title_text=&#8221;Ma\u0301scara 11 (3)&#8221; disabled_on=&#8221;off|off|on&#8221; module_class=&#8221;imagen_completa&#8221; _builder_version=&#8221;4.27.4&#8243; _module_preset=&#8221;default&#8221; global_colors_info=&#8221;{}&#8221;][\/et_pb_image][et_pb_code module_id=&#8221;contact&#8221; module_class=&#8221;formulario p_bottom0&#8243; _builder_version=&#8221;4.27.4&#8243; _module_preset=&#8221;default&#8221; global_colors_info=&#8221;{}&#8221;]\n<div class=\"wpcf7 no-js\" id=\"wpcf7-f1869-o2\" lang=\"es-ES\" dir=\"ltr\" data-wpcf7-id=\"1869\">\n<div class=\"screen-reader-response\"><p role=\"status\" aria-live=\"polite\" aria-atomic=\"true\"><\/p> <ul><\/ul><\/div>\n<form action=\"\/fr\/wp-json\/wp\/v2\/pages\/1464#wpcf7-f1869-o2\" method=\"post\" class=\"wpcf7-form init\" aria-label=\"Contact form\" novalidate=\"novalidate\" data-status=\"init\">\n<fieldset class=\"hidden-fields-container\"><input type=\"hidden\" name=\"_wpcf7\" value=\"1869\" \/><input type=\"hidden\" name=\"_wpcf7_version\" value=\"6.1.4\" \/><input type=\"hidden\" name=\"_wpcf7_locale\" value=\"es_ES\" \/><input type=\"hidden\" name=\"_wpcf7_unit_tag\" value=\"wpcf7-f1869-o2\" \/><input type=\"hidden\" name=\"_wpcf7_container_post\" value=\"0\" \/><input type=\"hidden\" name=\"_wpcf7_posted_data_hash\" value=\"\" \/>\n<\/fieldset>\n<h3>Contactez notre \u00e9quipe commerciale\n<\/h3>\n<p><label>Nom<br \/>\n<span class=\"wpcf7-form-control-wrap\" data-name=\"your-name\"><input size=\"40\" maxlength=\"400\" class=\"wpcf7-form-control wpcf7-text wpcf7-validates-as-required\" aria-required=\"true\" aria-invalid=\"false\" value=\"\" type=\"text\" name=\"your-name\" \/><\/span><br \/>\n<\/label>\n<\/p>\n<p><label>E-mail<br \/>\n<span class=\"wpcf7-form-control-wrap\" data-name=\"your-email\"><input size=\"40\" maxlength=\"400\" class=\"wpcf7-form-control wpcf7-email wpcf7-validates-as-required wpcf7-text wpcf7-validates-as-email\" aria-required=\"true\" aria-invalid=\"false\" value=\"\" type=\"email\" name=\"your-email\" \/><\/span><br \/>\n<\/label>\n<\/p>\n<p><label>Objet<br \/>\n<span class=\"wpcf7-form-control-wrap\" data-name=\"your-subject\"><input size=\"40\" maxlength=\"400\" class=\"wpcf7-form-control wpcf7-text\" aria-invalid=\"false\" value=\"\" type=\"text\" name=\"your-subject\" \/><\/span><br \/>\n<\/label>\n<\/p>\n<p><label>Message<br \/>\n<span class=\"wpcf7-form-control-wrap\" data-name=\"your-message\"><textarea cols=\"40\" rows=\"10\" maxlength=\"2000\" class=\"wpcf7-form-control wpcf7-textarea\" aria-invalid=\"false\" name=\"your-message\"><\/textarea><\/span><br \/>\n<\/label>\n<\/p>\n<p><input class=\"wpcf7-form-control wpcf7-submit has-spinner cta\" type=\"submit\" value=\"Envoyer\" \/>\n<\/p><div class=\"wpcf7-response-output\" aria-hidden=\"true\"><\/div>\n<\/form>\n<\/div>\n[\/et_pb_code][\/et_pb_column][\/et_pb_row][\/et_pb_section][et_pb_section fb_built=&#8221;1&#8243; module_class=&#8221;fondo_marron imagen_completa&#8221; _builder_version=&#8221;4.27.4&#8243; _module_preset=&#8221;default&#8221; global_colors_info=&#8221;{}&#8221;][et_pb_row _builder_version=&#8221;4.27.4&#8243; _module_preset=&#8221;default&#8221; global_colors_info=&#8221;{}&#8221;][et_pb_column type=&#8221;4_4&#8243; _builder_version=&#8221;4.27.4&#8243; _module_preset=&#8221;default&#8221; global_colors_info=&#8221;{}&#8221;][et_pb_image src=&#8221;https:\/\/neptura.invbit.systems\/wp-content\/uploads\/2025\/10\/Group-41.png&#8221; title_text=&#8221;Ma\u0301scara 12&#8243; src_tablet=&#8221;https:\/\/neptura.invbit.systems\/wp-content\/uploads\/2025\/11\/Mascara-12.png&#8221; src_phone=&#8221;https:\/\/neptura.invbit.systems\/wp-content\/uploads\/2025\/11\/Mascara-12.png&#8221; src_last_edited=&#8221;on|tablet&#8221; module_class=&#8221;imagen_borde&#8221; _builder_version=&#8221;4.27.4&#8243; _module_preset=&#8221;default&#8221; global_colors_info=&#8221;{}&#8221;][\/et_pb_image][\/et_pb_column][\/et_pb_row][\/et_pb_section][et_pb_section fb_built=&#8221;1&#8243; module_class=&#8221;fondo_marron&#8221; _builder_version=&#8221;4.27.4&#8243; _module_preset=&#8221;default&#8221; global_colors_info=&#8221;{}&#8221;][et_pb_row module_id=&#8221;speakup&#8221; _builder_version=&#8221;4.27.4&#8243; _module_preset=&#8221;default&#8221; global_colors_info=&#8221;{}&#8221;][et_pb_column type=&#8221;4_4&#8243; _builder_version=&#8221;4.27.4&#8243; _module_preset=&#8221;default&#8221; global_colors_info=&#8221;{}&#8221;][et_pb_text admin_label=&#8221;T\u00edtulo&#8221; module_class=&#8221;p_bottom0 m_bottom0&#8243; _builder_version=&#8221;4.27.5&#8243; _module_preset=&#8221;default&#8221; animation_style=&#8221;fade&#8221; global_colors_info=&#8221;{}&#8221;]<\/p>\n<h3>Bienvenue sur <strong>Speak Up<\/strong><\/h3>\n<p>[\/et_pb_text][\/et_pb_column][\/et_pb_row][et_pb_row column_structure=&#8221;2_5,3_5&#8243; _builder_version=&#8221;4.27.4&#8243; _module_preset=&#8221;default&#8221; global_colors_info=&#8221;{}&#8221;][et_pb_column type=&#8221;2_5&#8243; module_class=&#8221;columna_listado&#8221; _builder_version=&#8221;4.27.4&#8243; _module_preset=&#8221;default&#8221; global_colors_info=&#8221;{}&#8221;][et_pb_text module_class=&#8221;texto_medio &#8221; _builder_version=&#8221;4.27.5&#8243; _module_preset=&#8221;default&#8221; global_colors_info=&#8221;{}&#8221;]Veuillez ne pas utiliser \u00ab Speak Up \u00bb pour faire la publicit\u00e9 de services ou pour soumettre des candidatures.<\/p>\n<p>Stolt Sea Farm s\u2019efforce de maintenir un environnement professionnel transparent et \u00e9thique. Nous valorisons et respectons la s\u00e9curit\u00e9 de toutes les personnes affect\u00e9es par nos activit\u00e9s.<\/p>\n<p>\u00ab Speak up \u00bb est notre syst\u00e8me confidentiel qui permet aux employ\u00e9s et aux tiers de signaler directement au service des ressources humaines toute pr\u00e9occupation concernant des questions touchant les personnes, notre organisation, la soci\u00e9t\u00e9 ou l\u2019environnement, telles que :[\/et_pb_text][et_pb_text module_class=&#8221;texto_medio listado p_top0&#8243; _builder_version=&#8221;4.27.5&#8243; _module_preset=&#8221;default&#8221; global_colors_info=&#8221;{}&#8221;]<\/p>\n<p>Cas possibles de malhonn\u00eatet\u00e9 ou de mauvaise conduite<\/p>\n<p>[\/et_pb_text][et_pb_text module_class=&#8221;texto_medio listado&#8221; _builder_version=&#8221;4.27.5&#8243; _module_preset=&#8221;default&#8221; global_colors_info=&#8221;{}&#8221;]violations potentielles de toute loi, r\u00e9glementation, politique de l\u2019entreprise ou question d\u2019\u00e9thique[\/et_pb_text][et_pb_text module_class=&#8221;texto_medio listado&#8221; _builder_version=&#8221;4.27.5&#8243; _module_preset=&#8221;default&#8221; global_colors_info=&#8221;{}&#8221;]<\/p>\n<p>Irr\u00e9gularit\u00e9s possibles en mati\u00e8re de comptabilit\u00e9 ou de contr\u00f4le interne<\/p>\n<p>[\/et_pb_text][\/et_pb_column][et_pb_column type=&#8221;3_5&#8243; _builder_version=&#8221;4.27.4&#8243; _module_preset=&#8221;default&#8221; global_colors_info=&#8221;{}&#8221;][et_pb_text module_class=&#8221;texto_medio &#8221; _builder_version=&#8221;4.27.5&#8243; _module_preset=&#8221;default&#8221; global_colors_info=&#8221;{}&#8221;]<\/p>\n<p>Stolt Sea Farm promeut une culture dans laquelle les employ\u00e9s se sentent capables d\u2019exprimer leurs pr\u00e9occupations de bonne foi, sans crainte de repr\u00e9sailles, de victimisation, de discrimination ou de d\u00e9savantage. Vous n\u2019avez pas besoin de preuves pour vos soup\u00e7ons, mais tous les signalements doivent \u00eatre faits de bonne foi. Aucune mesure ne sera prise contre un employ\u00e9 qui soul\u00e8ve une pr\u00e9occupation de bonne foi, m\u00eame si celle-ci s\u2019av\u00e8re non justifi\u00e9e.<\/p>\n<p>Toutefois, toute pr\u00e9occupation soulev\u00e9e de mani\u00e8re malveillante ou \u00e0 des fins personnelles entra\u00eenera une sanction disciplinaire et\/ou des poursuites judiciaires.<\/p>\n<p>Tous les signalements seront trait\u00e9s en toute confidentialit\u00e9. Vous n\u2019\u00eates pas oblig\u00e9(e) de donner votre nom ou vos informations personnelles, car le syst\u00e8me a \u00e9t\u00e9 con\u00e7u pour permettre l\u2019anonymat.<\/p>\n<p><strong>Comment soumettre une pr\u00e9occupation ?<\/strong><br \/>Vous pouvez signaler un probl\u00e8me facilement et de mani\u00e8re s\u00e9curis\u00e9e en suivant les instructions du formulaire ci-dessous. Votre message sera trait\u00e9 dans un d\u00e9lai maximum de 15 jours ouvrables.<\/p>\n<p>[\/et_pb_text][\/et_pb_column][\/et_pb_row][et_pb_row _builder_version=&#8221;4.27.4&#8243; _module_preset=&#8221;default&#8221; global_colors_info=&#8221;{}&#8221;][et_pb_column type=&#8221;4_4&#8243; _builder_version=&#8221;4.27.4&#8243; _module_preset=&#8221;default&#8221; global_colors_info=&#8221;{}&#8221;][et_pb_code module_class=&#8221;formulario&#8221; _builder_version=&#8221;4.27.4&#8243; _module_preset=&#8221;default&#8221; global_colors_info=&#8221;{}&#8221;]\n<div class=\"wpcf7 no-js\" id=\"wpcf7-f1828-o3\" lang=\"es-ES\" dir=\"ltr\" data-wpcf7-id=\"1828\">\n<div class=\"screen-reader-response\"><p role=\"status\" aria-live=\"polite\" aria-atomic=\"true\"><\/p> <ul><\/ul><\/div>\n<form action=\"\/fr\/wp-json\/wp\/v2\/pages\/1464#wpcf7-f1828-o3\" method=\"post\" class=\"wpcf7-form init\" aria-label=\"Contact form\" novalidate=\"novalidate\" data-status=\"init\">\n<fieldset class=\"hidden-fields-container\"><input type=\"hidden\" name=\"_wpcf7\" value=\"1828\" \/><input type=\"hidden\" name=\"_wpcf7_version\" value=\"6.1.4\" \/><input type=\"hidden\" name=\"_wpcf7_locale\" value=\"es_ES\" \/><input type=\"hidden\" name=\"_wpcf7_unit_tag\" value=\"wpcf7-f1828-o3\" \/><input type=\"hidden\" name=\"_wpcf7_container_post\" value=\"0\" \/><input type=\"hidden\" name=\"_wpcf7_posted_data_hash\" value=\"\" \/>\n<\/fieldset>\n<p><label>Objet<br \/>\n<span class=\"wpcf7-form-control-wrap\" data-name=\"your-subject\"><input size=\"40\" maxlength=\"400\" class=\"wpcf7-form-control wpcf7-text wpcf7-validates-as-required\" aria-required=\"true\" aria-invalid=\"false\" value=\"\" type=\"text\" name=\"your-subject\" \/><\/span><br \/>\n<\/label>\n<\/p>\n<p><label>Coordonn\u00e9es (optionnel)<br \/>\n<span class=\"wpcf7-form-control-wrap\" data-name=\"your-contact\"><input size=\"40\" maxlength=\"400\" class=\"wpcf7-form-control wpcf7-text\" aria-invalid=\"false\" value=\"\" type=\"text\" name=\"your-contact\" \/><\/span><br \/>\n<\/label>\n<\/p>\n<p><label>Message<br \/>\n<span class=\"wpcf7-form-control-wrap\" data-name=\"your-message\"><textarea cols=\"40\" rows=\"10\" maxlength=\"2000\" class=\"wpcf7-form-control wpcf7-textarea wpcf7-validates-as-required\" aria-required=\"true\" aria-invalid=\"false\" name=\"your-message\"><\/textarea><\/span><br \/>\n<\/label>\n<\/p>\n<p><input class=\"wpcf7-form-control wpcf7-submit has-spinner cta\" type=\"submit\" value=\"Envoyer\" \/>\n<\/p>\n<p>Merci pour votre contribution.\n<\/p><div class=\"wpcf7-response-output\" aria-hidden=\"true\"><\/div>\n<\/form>\n<\/div>\n[\/et_pb_code][\/et_pb_column][\/et_pb_row][\/et_pb_section]<\/p>\n","protected":false},"excerpt":{"rendered":"<p>Contactez-nousScroll to ExploreLes personnes sont au c\u0153ur de nos op\u00e9rations.Leurs comp\u00e9tences, leur passion et leur engagement \u00e0 produire les meilleurs produits sont essentiels \u00e0 notre succ\u00e8s. Notre \u00e9quipe de 400 personnes est, sans aucun doute, notre atout le plus pr\u00e9cieux. Nous nous engageons \u00e0 attirer, former et retenir les meilleurs talents du secteur, et \u00e0 [&hellip;]<\/p>\n","protected":false},"author":1,"featured_media":594,"parent":0,"menu_order":0,"comment_status":"closed","ping_status":"closed","template":"","meta":{"_acf_changed":false,"_et_pb_use_builder":"on","_et_pb_old_content":"","_et_gb_content_width":"","footnotes":""},"class_list":["post-1464","page","type-page","status-publish","has-post-thumbnail","hentry"],"acf":[],"_links":{"self":[{"href":"https:\/\/neptura.invbit.systems\/fr\/wp-json\/wp\/v2\/pages\/1464","targetHints":{"allow":["GET"]}}],"collection":[{"href":"https:\/\/neptura.invbit.systems\/fr\/wp-json\/wp\/v2\/pages"}],"about":[{"href":"https:\/\/neptura.invbit.systems\/fr\/wp-json\/wp\/v2\/types\/page"}],"author":[{"embeddable":true,"href":"https:\/\/neptura.invbit.systems\/fr\/wp-json\/wp\/v2\/users\/1"}],"replies":[{"embeddable":true,"href":"https:\/\/neptura.invbit.systems\/fr\/wp-json\/wp\/v2\/comments?post=1464"}],"version-history":[{"count":8,"href":"https:\/\/neptura.invbit.systems\/fr\/wp-json\/wp\/v2\/pages\/1464\/revisions"}],"predecessor-version":[{"id":1974,"href":"https:\/\/neptura.invbit.systems\/fr\/wp-json\/wp\/v2\/pages\/1464\/revisions\/1974"}],"wp:featuredmedia":[{"embeddable":true,"href":"https:\/\/neptura.invbit.systems\/fr\/wp-json\/wp\/v2\/media\/594"}],"wp:attachment":[{"href":"https:\/\/neptura.invbit.systems\/fr\/wp-json\/wp\/v2\/media?parent=1464"}],"curies":[{"name":"wp","href":"https:\/\/api.w.org\/{rel}","templated":true}]}}