{"id":1411,"date":"2025-03-20T15:06:32","date_gmt":"2025-03-20T14:06:32","guid":{"rendered":"https:\/\/neptura.invbit.systems\/acuicultura\/"},"modified":"2026-01-14T10:03:14","modified_gmt":"2026-01-14T09:03:14","slug":"aquaculture-en-haute-mer","status":"publish","type":"page","link":"https:\/\/neptura.invbit.systems\/fr\/aquaculture-en-haute-mer\/","title":{"rendered":"Aquaculture en haute mer"},"content":{"rendered":"<p>[et_pb_section fb_built=&#8221;1&#8243; admin_label=&#8221;Section T\u00edtulo&#8221; module_class=&#8221;seccion_video fondo_azul&#8221; _builder_version=&#8221;4.27.4&#8243; _module_preset=&#8221;default&#8221; background_image=&#8221;https:\/\/neptura.invbit.systems\/wp-content\/uploads\/2025\/03\/Seccion-1-1.png&#8221; global_colors_info=&#8221;{}&#8221;][et_pb_row _builder_version=&#8221;4.27.4&#8243; _module_preset=&#8221;default&#8221; global_colors_info=&#8221;{}&#8221;][et_pb_column type=&#8221;4_4&#8243; _builder_version=&#8221;4.27.4&#8243; _module_preset=&#8221;default&#8221; global_colors_info=&#8221;{}&#8221;][et_pb_text admin_label=&#8221;T\u00edtulo&#8221; _builder_version=&#8221;4.27.5&#8243; _module_preset=&#8221;default&#8221; animation_style=&#8221;fade&#8221; hover_enabled=&#8221;0&#8243; global_colors_info=&#8221;{}&#8221; sticky_enabled=&#8221;0&#8243;]<\/p>\n<h1>Aquaculture en haute mer<\/h1>\n<p>[\/et_pb_text][\/et_pb_column][\/et_pb_row][et_pb_row column_structure=&#8221;1_2,1_2&#8243; module_class=&#8221;fila_scroll&#8221; _builder_version=&#8221;4.27.4&#8243; _module_preset=&#8221;default&#8221; global_colors_info=&#8221;{}&#8221;][et_pb_column type=&#8221;1_2&#8243; _builder_version=&#8221;4.27.4&#8243; _module_preset=&#8221;default&#8221; global_colors_info=&#8221;{}&#8221;][et_pb_image src=&#8221;https:\/\/neptura.invbit.systems\/wp-content\/uploads\/2025\/03\/Vector-30.svg&#8221; title_text=&#8221;Vector (30)&#8221; _builder_version=&#8221;4.27.4&#8243; _module_preset=&#8221;default&#8221; global_colors_info=&#8221;{}&#8221;][\/et_pb_image][\/et_pb_column][et_pb_column type=&#8221;1_2&#8243; _builder_version=&#8221;4.27.4&#8243; _module_preset=&#8221;default&#8221; global_colors_info=&#8221;{}&#8221;][et_pb_text _builder_version=&#8221;4.27.4&#8243; _module_preset=&#8221;default&#8221; global_colors_info=&#8221;{}&#8221;]Scroll to Explore[\/et_pb_text][\/et_pb_column][\/et_pb_row][\/et_pb_section][et_pb_section fb_built=&#8221;1&#8243; admin_label=&#8221;Section Introduccion&#8221; module_class=&#8221;seccion_introduccion&#8221; _builder_version=&#8221;4.27.4&#8243; _module_preset=&#8221;default&#8221; global_colors_info=&#8221;{}&#8221;][et_pb_row _builder_version=&#8221;4.27.4&#8243; _module_preset=&#8221;default&#8221; global_colors_info=&#8221;{}&#8221;][et_pb_column type=&#8221;4_4&#8243; _builder_version=&#8221;4.27.4&#8243; _module_preset=&#8221;default&#8221; global_colors_info=&#8221;{}&#8221;][et_pb_text admin_label=&#8221;T\u00edtulo&#8221; module_class=&#8221;p_bottom0&#8243; _builder_version=&#8221;4.27.4&#8243; _module_preset=&#8221;default&#8221; animation_style=&#8221;fade&#8221; hover_enabled=&#8221;0&#8243; global_colors_info=&#8221;{}&#8221; sticky_enabled=&#8221;0&#8243;]<\/p>\n<h2>Qu&#8217;est-ce  <\/h2>\n<p>[\/et_pb_text][et_pb_text admin_label=&#8221;T\u00edtulo&#8221; module_class=&#8221;antetitulo p_top0 p_bottom40&#8243; _builder_version=&#8221;4.27.5&#8243; _module_preset=&#8221;default&#8221; animation_style=&#8221;fade&#8221; hover_enabled=&#8221;0&#8243; global_colors_info=&#8221;{}&#8221; sticky_enabled=&#8221;0&#8243;]<\/p>\n<p>l&#8217;Aquaculture en haute mer?<\/p>\n<p>[\/et_pb_text][et_pb_text module_class=&#8221;texto_medio col_2_3&#8243; _builder_version=&#8221;4.27.5&#8243; _module_preset=&#8221;default&#8221; hover_enabled=&#8221;0&#8243; global_colors_info=&#8221;{}&#8221; sticky_enabled=&#8221;0&#8243;]<\/p>\n<p>L\u2019Aquaculture en haute mer incarne pour nous une pratique responsable, d\u00e9di\u00e9e \u00e0 l\u2019\u00e9levage de poissons dans des environnements ma\u00eetris\u00e9s, garantissant \u00e0 la fois durabilit\u00e9 et qualit\u00e9 sup\u00e9rieure. Chez Neptura, nous avons fait de <strong>l&#8217;Aquaculture en haute mer terrestre<\/strong> notre sp\u00e9cialit\u00e9, ce qui nous permet de reproduire des conditions d\u2019eau de mer naturelles sous contr\u00f4le rigoureux, tout en minimisant notre impact environnemental.<\/p>\n<p>[\/et_pb_text][\/et_pb_column][\/et_pb_row][et_pb_row column_structure=&#8221;1_3,2_3&#8243; _builder_version=&#8221;4.27.4&#8243; _module_preset=&#8221;default&#8221; global_colors_info=&#8221;{}&#8221;][et_pb_column type=&#8221;1_3&#8243; _builder_version=&#8221;4.27.4&#8243; _module_preset=&#8221;default&#8221; global_colors_info=&#8221;{}&#8221;][et_pb_text module_class=&#8221;texto_small&#8221; _builder_version=&#8221;4.27.4&#8243; _module_preset=&#8221;default&#8221; global_colors_info=&#8221;{}&#8221;]<\/p>\n<p>Situ\u00e9es sur la c\u00f4te nord-atlantique, nos installations de pointe sont sp\u00e9cialement con\u00e7ues pour offrir des conditions optimales \u00e0 l\u2019\u00e9levage de nos <strong>soles et turbots<\/strong>. Gr\u00e2ce \u00e0 des eaux <strong>d\u2019une qualit\u00e9 exceptionnelle<\/strong>, nous favorisons leur croissance dans un environnement id\u00e9al. Cette approche nous permet de proposer des produits de la mer d\u2019une qualit\u00e9 sup\u00e9rieure : frais, sains et \u00e9lev\u00e9s avec le plus grand soin.<\/p>\n<p>[\/et_pb_text][\/et_pb_column][et_pb_column type=&#8221;2_3&#8243; _builder_version=&#8221;4.27.4&#8243; _module_preset=&#8221;default&#8221; global_colors_info=&#8221;{}&#8221;][et_pb_image src=&#8221;https:\/\/neptura.invbit.systems\/wp-content\/uploads\/2025\/10\/NEPTURA_01_RETRATOS_0059-1.png&#8221; title_text=&#8221;NEPTURA_01_RETRATOS_0059 1&#8243; module_class=&#8221;imagen_borde&#8221; _builder_version=&#8221;4.27.4&#8243; _module_preset=&#8221;default&#8221; global_colors_info=&#8221;{}&#8221;][\/et_pb_image][\/et_pb_column][\/et_pb_row][\/et_pb_section][et_pb_section fb_built=&#8221;1&#8243; admin_label=&#8221;Section Datos&#8221; module_class=&#8221;seccion_datos fondo_marron&#8221; _builder_version=&#8221;4.27.4&#8243; _module_preset=&#8221;default&#8221; global_colors_info=&#8221;{}&#8221;][et_pb_row _builder_version=&#8221;4.27.4&#8243; _module_preset=&#8221;default&#8221; global_colors_info=&#8221;{}&#8221;][et_pb_column type=&#8221;4_4&#8243; _builder_version=&#8221;4.27.4&#8243; _module_preset=&#8221;default&#8221; global_colors_info=&#8221;{}&#8221;][et_pb_text admin_label=&#8221;T\u00edtulo&#8221; _builder_version=&#8221;4.27.5&#8243; _module_preset=&#8221;default&#8221; animation_style=&#8221;fade&#8221; hover_enabled=&#8221;0&#8243; global_colors_info=&#8221;{}&#8221; sticky_enabled=&#8221;0&#8243;]<\/p>\n<h2>Une approche<br \/>\nattentionn\u00e9e de <span class=\"antetitulo\"> l&#8217;Aquaculture en haute mer<\/span><\/h2>\n<p>[\/et_pb_text][et_pb_text module_class=&#8221;col_2_3 texto_small&#8221; _builder_version=&#8221;4.27.5&#8243; _module_preset=&#8221;default&#8221; hover_enabled=&#8221;0&#8243; global_colors_info=&#8221;{}&#8221; sticky_enabled=&#8221;0&#8243;]<\/p>\n<p>Pour nous, le soin est au c\u0153ur de tout ce que nous faisons. Notre engagement en faveur d&#8217;une <strong>Aquaculture en haute mer saine<\/strong> signifie aller au-del\u00e0 des m\u00e9thodes traditionnelles de pisciculture pour cr\u00e9er un environnement sain et soigneusement contr\u00f4l\u00e9 o\u00f9 nos poissons s&#8217;\u00e9panouissent.<\/p>\n<p>[\/et_pb_text][et_pb_text module_class=&#8221;texto_medio col_2_3 d_flex&#8221; _builder_version=&#8221;4.27.4&#8243; _module_preset=&#8221;default&#8221; global_colors_info=&#8221;{}&#8221;]<\/p>\n<p><strong>Soin m\u00e9ticuleux<\/strong> \u00e0 chaque \u00e9tape de la croissance.<\/p>\n<p><strong>Contr\u00f4les qualit\u00e9 stricts,<\/strong> assurant des produits \u00e0 la fois s\u00fbrs et exceptionnels en go\u00fbt.<\/p>\n<p>[\/et_pb_text][\/et_pb_column][\/et_pb_row][et_pb_row module_class=&#8221;imagenes&#8221; _builder_version=&#8221;4.27.4&#8243; _module_preset=&#8221;default&#8221; global_colors_info=&#8221;{}&#8221;][et_pb_column type=&#8221;4_4&#8243; _builder_version=&#8221;4.27.4&#8243; _module_preset=&#8221;default&#8221; global_colors_info=&#8221;{}&#8221;][et_pb_image src=&#8221;https:\/\/neptura.invbit.systems\/wp-content\/uploads\/2025\/10\/285A4425-1.png&#8221; title_text=&#8221;285A4425 1&#8243; module_class=&#8221;imagen_borde&#8221; _builder_version=&#8221;4.27.4&#8243; _module_preset=&#8221;default&#8221; global_colors_info=&#8221;{}&#8221;][\/et_pb_image][et_pb_image src=&#8221;https:\/\/neptura.invbit.systems\/wp-content\/uploads\/2025\/10\/285A4577-1.png&#8221; title_text=&#8221;285A4577 1&#8243; module_class=&#8221;imagen_borde&#8221; _builder_version=&#8221;4.27.4&#8243; _module_preset=&#8221;default&#8221; global_colors_info=&#8221;{}&#8221;][\/et_pb_image][et_pb_image src=&#8221;https:\/\/neptura.invbit.systems\/wp-content\/uploads\/2025\/10\/NEPTURA_03_EMPLATADO_0555-1.png&#8221; title_text=&#8221;NEPTURA_03_EMPLATADO_0555 1&#8243; module_class=&#8221;imagen_borde&#8221; _builder_version=&#8221;4.27.4&#8243; _module_preset=&#8221;default&#8221; global_colors_info=&#8221;{}&#8221;][\/et_pb_image][\/et_pb_column][\/et_pb_row][et_pb_row module_class=&#8221;fila_texto &#8221; _builder_version=&#8221;4.27.4&#8243; _module_preset=&#8221;default&#8221; global_colors_info=&#8221;{}&#8221;][et_pb_column type=&#8221;4_4&#8243; _builder_version=&#8221;4.27.4&#8243; _module_preset=&#8221;default&#8221; global_colors_info=&#8221;{}&#8221;][et_pb_text module_class=&#8221;texto_small&#8221; _builder_version=&#8221;4.27.4&#8243; _module_preset=&#8221;default&#8221; text_orientation=&#8221;right&#8221; global_colors_info=&#8221;{}&#8221;]Nous prenons soin non seulement de nos poissons, mais aussi des communaut\u00e9s, des \u00e9cosyst\u00e8mes et des personnes qui rendent ce processus possible.[\/et_pb_text][\/et_pb_column][\/et_pb_row][\/et_pb_section][et_pb_section fb_built=&#8221;1&#8243; admin_label=&#8221;Section legado&#8221; module_class=&#8221;seccion_legado&#8221; _builder_version=&#8221;4.27.4&#8243; _module_preset=&#8221;default&#8221; background_last_edited=&#8221;on|phone&#8221; background_enable_image_phone=&#8221;off&#8221; background_size_phone=&#8221;custom&#8221; background_image_width_phone=&#8221;50%&#8221; background_enable_pattern_style_phone=&#8221;off&#8221; global_colors_info=&#8221;{}&#8221;][et_pb_row column_structure=&#8221;2_5,3_5&#8243; make_equal=&#8221;on&#8221; _builder_version=&#8221;4.27.4&#8243; _module_preset=&#8221;default&#8221; background_enable_image=&#8221;off&#8221; background_size=&#8221;custom&#8221; background_image_width=&#8221;50%&#8221; background_position=&#8221;bottom_center&#8221; background_last_edited=&#8221;on|desktop&#8221; background_enable_image_tablet=&#8221;off&#8221; background_enable_image_phone=&#8221;off&#8221; background_position_phone=&#8221;top_left&#8221; global_colors_info=&#8221;{}&#8221;][et_pb_column type=&#8221;2_5&#8243; module_class=&#8221;columna_texto&#8221; _builder_version=&#8221;4.27.4&#8243; _module_preset=&#8221;default&#8221; global_colors_info=&#8221;{}&#8221;][et_pb_image src=&#8221;https:\/\/neptura.invbit.systems\/wp-content\/uploads\/2025\/03\/Group-31.png&#8221; title_text=&#8221;Group 35 (1)&#8221; force_fullwidth=&#8221;on&#8221; src_tablet=&#8221;https:\/\/neptura.invbit.systems\/wp-content\/uploads\/2025\/03\/Group-35-1.png&#8221; src_phone=&#8221;https:\/\/neptura.invbit.systems\/wp-content\/uploads\/2025\/03\/Group-35-1.png&#8221; src_last_edited=&#8221;on|phone&#8221; module_class=&#8221;imagen_borde&#8221; _builder_version=&#8221;4.27.4&#8243; _module_preset=&#8221;default&#8221; background_last_edited=&#8221;on|tablet&#8221; background_image_tablet=&#8221;https:\/\/neptura.invbit.systems\/wp-content\/uploads\/2025\/03\/Group-23.png&#8221; background_enable_image_tablet=&#8221;on&#8221; background_size_tablet=&#8221;custom&#8221; background_image_width_tablet=&#8221;60%&#8221; background_position_tablet=&#8221;bottom_right&#8221; global_colors_info=&#8221;{}&#8221;][\/et_pb_image][\/et_pb_column][et_pb_column type=&#8221;3_5&#8243; _builder_version=&#8221;4.27.4&#8243; _module_preset=&#8221;default&#8221; background_enable_image=&#8221;off&#8221; background_size=&#8221;custom&#8221; background_image_width=&#8221;50%&#8221; background_position=&#8221;bottom_center&#8221; global_colors_info=&#8221;{}&#8221;][et_pb_text admin_label=&#8221;T\u00edtulo&#8221; _builder_version=&#8221;4.27.4&#8243; _module_preset=&#8221;default&#8221; animation_style=&#8221;fade&#8221; global_colors_info=&#8221;{}&#8221;]<\/p>\n<h2><span class=\"antetitulo\">Innovation<\/span>  &#038; Attention :<br \/> garantir l&#8217;excellence<\/h2>\n<p>[\/et_pb_text][et_pb_text module_class=&#8221;texto_small&#8221; _builder_version=&#8221;4.27.5&#8243; _module_preset=&#8221;default&#8221; hover_enabled=&#8221;0&#8243; global_colors_info=&#8221;{}&#8221; sticky_enabled=&#8221;0&#8243;]<\/p>\n<p>Nous combinons une <strong>technologie<\/strong> de pointe et une expertise pratique pour garantir que notre processus d&#8217;Aquaculture en haute mer est \u00e0 la fois <strong>efficace et durable<\/strong>. Chaque \u00e9tape est m\u00e9ticuleusement surveill\u00e9e, de la filtration de l&#8217;eau \u00e0 la gestion de la nutrition, en maintenant les normes les plus \u00e9lev\u00e9es.<\/p>\n<p>[\/et_pb_text][et_pb_text module_class=&#8221;texto_small listado&#8221; _builder_version=&#8221;4.27.4&#8243; _module_preset=&#8221;default&#8221; global_colors_info=&#8221;{}&#8221;]<\/p>\n<p><strong>Syst\u00e8mes de filtration avanc\u00e9s<\/strong> qui augmentent la qualit\u00e9 de l&#8217;eau \u00e0 plusieurs niveaux.<\/p>\n<p><strong>Technologie de tra\u00e7abilit\u00e9<\/strong> pour suivre chaque poisson de sa naissance \u00e0 votre assiette.<\/p>\n<p><strong>Processus certifi\u00e9s,<\/strong> nos exigences vont bien au-del\u00e0 des r\u00e9glementations mondiales en mati\u00e8re de s\u00e9curit\u00e9 alimentaire et environnementale.<\/p>\n<p>Gr\u00e2ce \u00e0 notre syst\u00e8me terrestre, nous ma\u00eetrisons enti\u00e8rement l\u2019environnement de nos poissons, les mettant \u00e0 l\u2019abri des impacts n\u00e9gatifs ext\u00e9rieurs tout en recr\u00e9ant des conditions id\u00e9ales pour une croissance harmonieuse et naturelle.<\/p>\n<p>[\/et_pb_text][\/et_pb_column][\/et_pb_row][\/et_pb_section][et_pb_section fb_built=&#8221;1&#8243; admin_label=&#8221;Secci\u00f3n sostenibilidad&#8221; module_class=&#8221;fondo_azul seccion_sostenibilidad&#8221; _builder_version=&#8221;4.27.4&#8243; _module_preset=&#8221;default&#8221; global_colors_info=&#8221;{}&#8221;][et_pb_row column_structure=&#8221;3_5,2_5&#8243; _builder_version=&#8221;4.27.4&#8243; _module_preset=&#8221;default&#8221; global_colors_info=&#8221;{}&#8221;][et_pb_column type=&#8221;3_5&#8243; module_class=&#8221;columna_textos&#8221; _builder_version=&#8221;4.27.4&#8243; _module_preset=&#8221;default&#8221; global_colors_info=&#8221;{}&#8221;][et_pb_text admin_label=&#8221;T\u00edtulo&#8221; module_class=&#8221;marron&#8221; _builder_version=&#8221;4.27.5&#8243; _module_preset=&#8221;default&#8221; animation_style=&#8221;fade&#8221; hover_enabled=&#8221;0&#8243; global_colors_info=&#8221;{}&#8221; sticky_enabled=&#8221;0&#8243;]<\/p>\n<h2><span class=\"antetitulo\">Durabilit\u00e9:<\/span><br \/>\nl\u2019attention au-del\u00e0 des produits<\/h2>\n<p>[\/et_pb_text][et_pb_text module_class=&#8221;texto_small listado marron&#8221; _builder_version=&#8221;4.27.5&#8243; _module_preset=&#8221;default&#8221; hover_enabled=&#8221;0&#8243; global_colors_info=&#8221;{}&#8221; sticky_enabled=&#8221;0&#8243;]<\/p>\n<p>La durabilit\u00e9 est au c\u0153ur de nos pratiques aquacoles. Nous sommes fiers de satisfaire aux normes internationales les plus \u00e9lev\u00e9es en mati\u00e8re de  <strong>responsabilit\u00e9 environnementale et d&#8217;\u00e9levage \u00e9thique des poissons<\/strong>:<\/p>\n<p><strong>Certification ASC (Aquaculture en haute mer Stewardship Council) pour tout notre turbot<\/strong> : reconnu pour les pratiques d&#8217;Aquaculture en haute mer durable.<\/p>\n<p><strong>Certifi\u00e9 GlobalGAP et ISO 9001 &#038; 14001,<\/strong>, garantissant une gestion stricte de l&#8217;environnement et la qualit\u00e9.<\/p>\n<p><strong>Utilisation efficace des ressources,<\/strong> en se concentrant sur l&#8217;efficacit\u00e9 \u00e9nerg\u00e9tique et l&#8217;utilisation d&#8217;\u00e9nergies renouvelables.<\/p>\n<p><strong>Pratiques d&#8217;\u00e9conomie circulaire,<\/strong> avec la r\u00e9utilisation des sous-produits du poisson.<\/p>\n<p>En portant notre attention sur le respect de l&#8217;environnement et des personnes, nous veillons \u00e0 ce que les <strong>g\u00e9n\u00e9rations futures<\/strong> continuent de d\u00e9guster les meilleurs produits de la mer.<\/p>\n<p>[\/et_pb_text][\/et_pb_column][et_pb_column type=&#8221;2_5&#8243; module_class=&#8221;imagenes&#8221; _builder_version=&#8221;4.27.4&#8243; _module_preset=&#8221;default&#8221; global_colors_info=&#8221;{}&#8221;][et_pb_image src=&#8221;https:\/\/neptura.invbit.systems\/wp-content\/uploads\/2025\/10\/NEPTURA_01_RETRATOS_0358-1.png&#8221; title_text=&#8221;NEPTURA_01_RETRATOS_0358 1&#8243; _builder_version=&#8221;4.27.4&#8243; _module_preset=&#8221;default&#8221; global_colors_info=&#8221;{}&#8221;][\/et_pb_image][et_pb_image src=&#8221;https:\/\/neptura.invbit.systems\/wp-content\/uploads\/2025\/10\/285A4426-1.png&#8221; title_text=&#8221;285A4426 1&#8243; _builder_version=&#8221;4.27.4&#8243; _module_preset=&#8221;default&#8221; global_colors_info=&#8221;{}&#8221;][\/et_pb_image][\/et_pb_column][\/et_pb_row][\/et_pb_section][et_pb_section fb_built=&#8221;1&#8243; admin_label=&#8221;Secci\u00f3n Banner Columnas&#8221; module_class=&#8221;seccion_banner_columnas&#8221; _builder_version=&#8221;4.27.4&#8243; _module_preset=&#8221;default&#8221; background_image=&#8221;https:\/\/neptura.invbit.systems\/wp-content\/uploads\/2025\/10\/Seccion-8.png&#8221; global_colors_info=&#8221;{}&#8221;][et_pb_row _builder_version=&#8221;4.27.5&#8243; _module_preset=&#8221;default&#8221; global_colors_info=&#8221;{}&#8221;][et_pb_column type=&#8221;4_4&#8243; _builder_version=&#8221;4.27.4&#8243; _module_preset=&#8221;default&#8221; global_colors_info=&#8221;{}&#8221;][et_pb_text module_class=&#8221;texto marron&#8221; _builder_version=&#8221;4.27.4&#8243; _module_preset=&#8221;default&#8221; animation_style=&#8221;fade&#8221; global_colors_info=&#8221;{}&#8221;]D\u00e9couvrez<br \/>\n<span class=\"antetitulo marron\">notre turbot et notre sole<\/span>[\/et_pb_text][et_pb_text admin_label=&#8221;CTA&#8221; module_class=&#8221;cta_claro&#8221; _builder_version=&#8221;4.27.4&#8243; _dynamic_attributes=&#8221;link_option_url&#8221; _module_preset=&#8221;default&#8221; link_option_url=&#8221;@ET-DC@eyJkeW5hbWljIjp0cnVlLCJjb250ZW50IjoicG9zdF9saW5rX3VybF9wYWdlIiwic2V0dGluZ3MiOnsicG9zdF9pZCI6IjExNSJ9fQ==@&#8221; global_colors_info=&#8221;{}&#8221;]En Savoir Plus[\/et_pb_text][\/et_pb_column][\/et_pb_row][\/et_pb_section]<\/p>\n","protected":false},"excerpt":{"rendered":"<p>Aquaculture en haute merScroll to ExploreQu&#8217;est-ce l&#8217;Aquaculture en haute mer?L\u2019Aquaculture en haute mer incarne pour nous une pratique responsable, d\u00e9di\u00e9e \u00e0 l\u2019\u00e9levage de poissons dans des environnements ma\u00eetris\u00e9s, garantissant \u00e0 la fois durabilit\u00e9 et qualit\u00e9 sup\u00e9rieure. Chez Neptura, nous avons fait de l&#8217;Aquaculture en haute mer terrestre notre sp\u00e9cialit\u00e9, ce qui nous permet de reproduire [&hellip;]<\/p>\n","protected":false},"author":1,"featured_media":407,"parent":0,"menu_order":0,"comment_status":"closed","ping_status":"closed","template":"","meta":{"_acf_changed":false,"_et_pb_use_builder":"on","_et_pb_old_content":"","_et_gb_content_width":"","footnotes":""},"class_list":["post-1411","page","type-page","status-publish","has-post-thumbnail","hentry"],"acf":[],"_links":{"self":[{"href":"https:\/\/neptura.invbit.systems\/fr\/wp-json\/wp\/v2\/pages\/1411","targetHints":{"allow":["GET"]}}],"collection":[{"href":"https:\/\/neptura.invbit.systems\/fr\/wp-json\/wp\/v2\/pages"}],"about":[{"href":"https:\/\/neptura.invbit.systems\/fr\/wp-json\/wp\/v2\/types\/page"}],"author":[{"embeddable":true,"href":"https:\/\/neptura.invbit.systems\/fr\/wp-json\/wp\/v2\/users\/1"}],"replies":[{"embeddable":true,"href":"https:\/\/neptura.invbit.systems\/fr\/wp-json\/wp\/v2\/comments?post=1411"}],"version-history":[{"count":13,"href":"https:\/\/neptura.invbit.systems\/fr\/wp-json\/wp\/v2\/pages\/1411\/revisions"}],"predecessor-version":[{"id":2113,"href":"https:\/\/neptura.invbit.systems\/fr\/wp-json\/wp\/v2\/pages\/1411\/revisions\/2113"}],"wp:featuredmedia":[{"embeddable":true,"href":"https:\/\/neptura.invbit.systems\/fr\/wp-json\/wp\/v2\/media\/407"}],"wp:attachment":[{"href":"https:\/\/neptura.invbit.systems\/fr\/wp-json\/wp\/v2\/media?parent=1411"}],"curies":[{"name":"wp","href":"https:\/\/api.w.org\/{rel}","templated":true}]}}