{"id":1396,"date":"2025-10-20T09:34:09","date_gmt":"2025-10-20T07:34:09","guid":{"rendered":"https:\/\/neptura.invbit.systems\/home\/"},"modified":"2026-01-29T16:41:00","modified_gmt":"2026-01-29T15:41:00","slug":"home","status":"publish","type":"page","link":"https:\/\/neptura.invbit.systems\/fr\/","title":{"rendered":"Home"},"content":{"rendered":"<p>[et_pb_section fb_built=&#8221;1&#8243; admin_label=&#8221;Section T\u00edtulo&#8221; module_class=&#8221;seccion_video fondo_azul center&#8221; _builder_version=&#8221;4.27.5&#8243; _module_preset=&#8221;default&#8221; background_color=&#8221;RGBA(255,255,255,0)&#8221; background_image=&#8221;https:\/\/neptura.invbit.systems\/wp-content\/uploads\/2025\/12\/neptura_home.jpg&#8221; background_last_edited=&#8221;on|phone&#8221; global_colors_info=&#8221;{}&#8221;][et_pb_row _builder_version=&#8221;4.27.4&#8243; _module_preset=&#8221;default&#8221; global_colors_info=&#8221;{}&#8221;][et_pb_column type=&#8221;4_4&#8243; _builder_version=&#8221;4.27.4&#8243; _module_preset=&#8221;default&#8221; global_colors_info=&#8221;{}&#8221;][et_pb_image src=&#8221;https:\/\/neptura.invbit.systems\/wp-content\/uploads\/2025\/03\/Capa_1-3.svg&#8221; title_text=&#8221;Logo&#8221; align=&#8221;center&#8221; _builder_version=&#8221;4.27.4&#8243; _module_preset=&#8221;default&#8221; animation_style=&#8221;flip&#8221; global_colors_info=&#8221;{}&#8221;][\/et_pb_image][\/et_pb_column][\/et_pb_row][et_pb_row column_structure=&#8221;1_2,1_2&#8243; module_class=&#8221;fila_scroll&#8221; _builder_version=&#8221;4.27.4&#8243; _module_preset=&#8221;default&#8221; global_colors_info=&#8221;{}&#8221;][et_pb_column type=&#8221;1_2&#8243; _builder_version=&#8221;4.27.4&#8243; _module_preset=&#8221;default&#8221; global_colors_info=&#8221;{}&#8221;][et_pb_image src=&#8221;https:\/\/neptura.invbit.systems\/wp-content\/uploads\/2025\/03\/Vector-30.svg&#8221; title_text=&#8221;Vector (30)&#8221; _builder_version=&#8221;4.27.4&#8243; _module_preset=&#8221;default&#8221; global_colors_info=&#8221;{}&#8221;][\/et_pb_image][\/et_pb_column][et_pb_column type=&#8221;1_2&#8243; _builder_version=&#8221;4.27.4&#8243; _module_preset=&#8221;default&#8221; global_colors_info=&#8221;{}&#8221;][et_pb_text _builder_version=&#8221;4.27.4&#8243; _module_preset=&#8221;default&#8221; global_colors_info=&#8221;{}&#8221;]Scroll to Explore[\/et_pb_text][\/et_pb_column][\/et_pb_row][\/et_pb_section][et_pb_section fb_built=&#8221;1&#8243; admin_label=&#8221;Section Introduccion&#8221; module_class=&#8221;seccion_introduccion_home&#8221; _builder_version=&#8221;4.27.4&#8243; _module_preset=&#8221;default&#8221; global_colors_info=&#8221;{}&#8221;][et_pb_row _builder_version=&#8221;4.27.4&#8243; _module_preset=&#8221;default&#8221; global_colors_info=&#8221;{}&#8221;][et_pb_column type=&#8221;4_4&#8243; _builder_version=&#8221;4.27.4&#8243; _module_preset=&#8221;default&#8221; global_colors_info=&#8221;{}&#8221;][et_pb_text admin_label=&#8221;AnteT\u00edtulo&#8221; module_class=&#8221;antetitulo t_center&#8221; _builder_version=&#8221;4.27.4&#8243; _module_preset=&#8221;default&#8221; text_orientation=&#8221;center&#8221; animation_style=&#8221;fade&#8221; text_orientation_tablet=&#8221;left&#8221; text_orientation_phone=&#8221;left&#8221; text_orientation_last_edited=&#8221;on|phone&#8221; global_colors_info=&#8221;{}&#8221;]Red\u00e9finir le poisson:[\/et_pb_text][et_pb_text admin_label=&#8221;T\u00edtulo&#8221; module_class=&#8221;t_center&#8221; _builder_version=&#8221;4.27.4&#8243; _module_preset=&#8221;default&#8221; text_orientation=&#8221;center&#8221; animation_style=&#8221;fade&#8221; global_colors_info=&#8221;{}&#8221;]<\/p>\n<h2>quand l&#8217;excellence rime avec responsabilit\u00e9<\/h2>\n<p>[\/et_pb_text][\/et_pb_column][\/et_pb_row][et_pb_row column_structure=&#8221;3_5,2_5&#8243; module_class=&#8221;d_flex_center&#8221; _builder_version=&#8221;4.27.4&#8243; _module_preset=&#8221;default&#8221; global_colors_info=&#8221;{}&#8221;][et_pb_column type=&#8221;3_5&#8243; _builder_version=&#8221;4.27.4&#8243; _module_preset=&#8221;default&#8221; global_colors_info=&#8221;{}&#8221;][et_pb_image src=&#8221;https:\/\/neptura.invbit.systems\/wp-content\/uploads\/2025\/10\/Mascara-1.png&#8221; title_text=&#8221;Ma\u0301scara 1&#8243; align=&#8221;center&#8221; force_fullwidth=&#8221;on&#8221; module_class=&#8221;imagen_borde&#8221; _builder_version=&#8221;4.27.4&#8243; _module_preset=&#8221;default&#8221; global_colors_info=&#8221;{}&#8221;][\/et_pb_image][\/et_pb_column][et_pb_column type=&#8221;2_5&#8243; _builder_version=&#8221;4.27.4&#8243; _module_preset=&#8221;default&#8221; global_colors_info=&#8221;{}&#8221;][et_pb_text module_class=&#8221;destacado&#8221; _builder_version=&#8221;4.27.4&#8243; _module_preset=&#8221;default&#8221; global_colors_info=&#8221;{}&#8221;]<\/p>\n<p><strong>Chez Neptura, <\/strong>nous pensons qu\u2019un produit de la mer exceptionnel commence par le soin.<\/p>\n<p>[\/et_pb_text][et_pb_text module_class=&#8221;texto&#8221; _builder_version=&#8221;4.27.5&#8243; _module_preset=&#8221;default&#8221; global_colors_info=&#8221;{}&#8221;]Nos soles et turbots premium sont \u00e9lev\u00e9s dans des installations d&#8217;aquaculture en haute mer terrestres de pointe sur la c\u00f4te nord-atlantique, o\u00f9 l&#8217;utilisation d&#8217;eau de mer contribue \u00e0 garantir un go\u00fbt, une texture et une fra\u00eecheur excellents.[\/et_pb_text][\/et_pb_column][\/et_pb_row][\/et_pb_section][et_pb_section fb_built=&#8221;1&#8243; admin_label=&#8221;Secci\u00f3n Slider&#8221; module_class=&#8221;fondo_marron home_slider&#8221; _builder_version=&#8221;4.27.4&#8243; _module_preset=&#8221;default&#8221; animation_style=&#8221;fade&#8221; global_colors_info=&#8221;{}&#8221;][et_pb_row column_structure=&#8221;2_5,3_5&#8243; _builder_version=&#8221;4.27.4&#8243; _module_preset=&#8221;default&#8221; global_colors_info=&#8221;{}&#8221;][et_pb_column type=&#8221;2_5&#8243; _builder_version=&#8221;4.27.4&#8243; _module_preset=&#8221;default&#8221; global_colors_info=&#8221;{}&#8221;][et_pb_image src=&#8221;https:\/\/neptura.invbit.systems\/wp-content\/uploads\/2025\/10\/Rectangle-23.png&#8221; title_text=&#8221;Rectangle 23&#8243; align=&#8221;center&#8221; force_fullwidth=&#8221;on&#8221; module_class=&#8221;imagen_borde&#8221; _builder_version=&#8221;4.27.4&#8243; _module_preset=&#8221;default&#8221; global_colors_info=&#8221;{}&#8221;][\/et_pb_image][\/et_pb_column][et_pb_column type=&#8221;3_5&#8243; _builder_version=&#8221;4.27.4&#8243; _module_preset=&#8221;default&#8221; global_colors_info=&#8221;{}&#8221;][et_pb_text admin_label=&#8221;AnteT\u00edtulo&#8221; module_class=&#8221;antetitulo&#8221; _builder_version=&#8221;4.27.4&#8243; _module_preset=&#8221;default&#8221; global_colors_info=&#8221;{}&#8221;]We Care:[\/et_pb_text][et_pb_text admin_label=&#8221;T\u00edtulo&#8221; _builder_version=&#8221;4.27.5&#8243; _module_preset=&#8221;default&#8221; global_colors_info=&#8221;{}&#8221;]<\/p>\n<h2>Aquaculture en haute mer responsable et durable<\/h2>\n<p>[\/et_pb_text][et_pb_text module_class=&#8221;texto_small&#8221; _builder_version=&#8221;4.27.5&#8243; _module_preset=&#8221;default&#8221; global_colors_info=&#8221;{}&#8221;]<\/p>\n<p>Notre Aquaculture en haute mer terrestre respecte les \u00e9cosyst\u00e8mes marins tout en garantissant les normes les plus \u00e9lev\u00e9es de qualit\u00e9 et de s\u00e9curit\u00e9 alimentaire:<\/p>\n<p>[\/et_pb_text][et_pb_text admin_label=&#8221;Texto medio&#8221; module_class=&#8221;texto_medio_destacado&#8221; _builder_version=&#8221;4.27.4&#8243; _module_preset=&#8221;default&#8221; global_colors_info=&#8221;{}&#8221;]<strong>Eaux d\u2019excellente qualit\u00e9, <\/strong><br \/>\nenrichies en oxyg\u00e8ne pour soutenir des conditions de croissance optimales.[\/et_pb_text][et_pb_text admin_label=&#8221;Texto medio&#8221; module_class=&#8221;texto_medio_destacado&#8221; _builder_version=&#8221;4.27.4&#8243; _module_preset=&#8221;default&#8221; global_colors_info=&#8221;{}&#8221;]<\/p>\n<p>Une croissance pure et naturelle,<br \/><strong>tout simplement.<\/strong><\/p>\n<p>[\/et_pb_text][et_pb_text admin_label=&#8221;Texto medio&#8221; module_class=&#8221;texto_medio_destacado&#8221; _builder_version=&#8221;4.27.4&#8243; _module_preset=&#8221;default&#8221; global_colors_info=&#8221;{}&#8221;]<\/p>\n<p><strong>Impact environnemental r\u00e9duit :<\/strong><br \/>exploitation de nos fermes dans le respect de l&#8217;environnement et \u00e9levage de poissons de haute qualit\u00e9, r\u00e9duisant la pression sur les populations de poissons sauvages.<\/p>\n<p>[\/et_pb_text][et_pb_text admin_label=&#8221;CTA&#8221; module_class=&#8221;cta&#8221; _builder_version=&#8221;4.27.5&#8243; _dynamic_attributes=&#8221;link_option_url&#8221; _module_preset=&#8221;default&#8221; link_option_url=&#8221;@ET-DC@eyJkeW5hbWljIjp0cnVlLCJjb250ZW50IjoicG9zdF9saW5rX3VybF9wYWdlIiwic2V0dGluZ3MiOnsicG9zdF9pZCI6IjU2In19@&#8221; global_colors_info=&#8221;{}&#8221;]<\/p>\n<p>En savoir plus sur l&#8217;Aquaculture en haute mer<\/p>\n<p>[\/et_pb_text][\/et_pb_column][\/et_pb_row][et_pb_row column_structure=&#8221;2_5,3_5&#8243; _builder_version=&#8221;4.27.4&#8243; _module_preset=&#8221;default&#8221; global_colors_info=&#8221;{}&#8221;][et_pb_column type=&#8221;2_5&#8243; _builder_version=&#8221;4.27.4&#8243; _module_preset=&#8221;default&#8221; global_colors_info=&#8221;{}&#8221;][et_pb_image src=&#8221;https:\/\/neptura.invbit.systems\/wp-content\/uploads\/2025\/10\/Rectangle-23-2.png&#8221; title_text=&#8221;Rectangle 23 (2)&#8221; align=&#8221;center&#8221; force_fullwidth=&#8221;on&#8221; module_class=&#8221;imagen_borde&#8221; _builder_version=&#8221;4.27.4&#8243; _module_preset=&#8221;default&#8221; global_colors_info=&#8221;{}&#8221;][\/et_pb_image][\/et_pb_column][et_pb_column type=&#8221;3_5&#8243; _builder_version=&#8221;4.27.4&#8243; _module_preset=&#8221;default&#8221; global_colors_info=&#8221;{}&#8221;][et_pb_text admin_label=&#8221;AnteT\u00edtulo&#8221; module_class=&#8221;antetitulo&#8221; _builder_version=&#8221;4.27.5&#8243; _module_preset=&#8221;default&#8221; global_colors_info=&#8221;{}&#8221;]<\/p>\n<p>We Take Care:<\/p>\n<p>[\/et_pb_text][et_pb_text admin_label=&#8221;T\u00edtulo&#8221; _builder_version=&#8221;4.27.4&#8243; _module_preset=&#8221;default&#8221; global_colors_info=&#8221;{}&#8221;]<\/p>\n<h2>innovation pour une qualit\u00e9 in\u00e9gal\u00e9e<\/h2>\n<p>[\/et_pb_text][et_pb_text module_class=&#8221;texto_small&#8221; _builder_version=&#8221;4.27.4&#8243; _module_preset=&#8221;default&#8221; global_colors_info=&#8221;{}&#8221;]<\/p>\n<p>Nous combinons la technologie de pointe et l\u2019expertise pratique pour \u00e9lever nos poissons avec pr\u00e9cision et soin:<\/p>\n<p>[\/et_pb_text][et_pb_text admin_label=&#8221;Texto medio&#8221; module_class=&#8221;texto_medio_destacado&#8221; _builder_version=&#8221;4.27.4&#8243; _module_preset=&#8221;default&#8221; global_colors_info=&#8221;{}&#8221;]<strong>Nutrition optimale,<\/strong><br \/>\nam\u00e9liorant \u00e0 la fois le go\u00fbt et la qualit\u00e9 nutritionnelle.[\/et_pb_text][et_pb_text admin_label=&#8221;Texto medio&#8221; module_class=&#8221;texto_medio_destacado&#8221; _builder_version=&#8221;4.27.4&#8243; _module_preset=&#8221;default&#8221; global_colors_info=&#8221;{}&#8221;]<strong>Environnements<br \/>\ncontr\u00f4l\u00e9s<\/strong>[\/et_pb_text][et_pb_text admin_label=&#8221;Texto medio&#8221; module_class=&#8221;texto_medio_destacado&#8221; _builder_version=&#8221;4.27.4&#8243; _module_preset=&#8221;default&#8221; global_colors_info=&#8221;{}&#8221;]<\/p>\n<p><strong>Tra\u00e7abilit\u00e9 compl\u00e8te,<\/strong><br \/>pour que vous sachiez toujours d&#8217;o\u00f9 proviennent les produits que vous choisissez.<\/p>\n<div>\u00a0<\/div>\n<p>[\/et_pb_text][et_pb_text admin_label=&#8221;Texto medio&#8221; module_class=&#8221;texto_medio_destacado&#8221; _builder_version=&#8221;4.27.4&#8243; _module_preset=&#8221;default&#8221; global_colors_info=&#8221;{}&#8221;]<\/p>\n<p>Chaque d\u00e9tail compte. C&#8217;est ainsi que nous cr\u00e9ons des produits de la mer s\u00fbrs et assurons une relation responsable avec l&#8217;environnement et les personnes qui y travaillent.<\/p>\n<p>[\/et_pb_text][et_pb_text admin_label=&#8221;CTA&#8221; module_class=&#8221;cta&#8221; _builder_version=&#8221;4.27.4&#8243; _dynamic_attributes=&#8221;link_option_url&#8221; _module_preset=&#8221;default&#8221; link_option_url=&#8221;@ET-DC@eyJkeW5hbWljIjp0cnVlLCJjb250ZW50IjoicG9zdF9saW5rX3VybF9wYWdlIiwic2V0dGluZ3MiOnsicG9zdF9pZCI6IjE0OTcifX0=@&#8221; global_colors_info=&#8221;{}&#8221;]<\/p>\n<p>En savoir plus sur nous<\/p>\n<p>[\/et_pb_text][\/et_pb_column][\/et_pb_row][et_pb_row column_structure=&#8221;2_5,3_5&#8243; _builder_version=&#8221;4.27.4&#8243; _module_preset=&#8221;default&#8221; global_colors_info=&#8221;{}&#8221;][et_pb_column type=&#8221;2_5&#8243; _builder_version=&#8221;4.27.4&#8243; _module_preset=&#8221;default&#8221; global_colors_info=&#8221;{}&#8221;][et_pb_image src=&#8221;https:\/\/neptura.invbit.systems\/wp-content\/uploads\/2025\/10\/pexels-quang-nguyen-vinh-222549-2150362-1-2.png&#8221; title_text=&#8221;pexels-quang-nguyen-vinh-222549-2150362 1 (2)&#8221; align=&#8221;center&#8221; force_fullwidth=&#8221;on&#8221; module_class=&#8221;imagen_borde&#8221; _builder_version=&#8221;4.27.4&#8243; _module_preset=&#8221;default&#8221; global_colors_info=&#8221;{}&#8221;][\/et_pb_image][\/et_pb_column][et_pb_column type=&#8221;3_5&#8243; _builder_version=&#8221;4.27.4&#8243; _module_preset=&#8221;default&#8221; global_colors_info=&#8221;{}&#8221;][et_pb_text admin_label=&#8221;AnteT\u00edtulo&#8221; module_class=&#8221;antetitulo&#8221; _builder_version=&#8221;4.27.4&#8243; _module_preset=&#8221;default&#8221; global_colors_info=&#8221;{}&#8221;]We Do It With Care:[\/et_pb_text][et_pb_text admin_label=&#8221;T\u00edtulo&#8221; _builder_version=&#8221;4.27.4&#8243; _module_preset=&#8221;default&#8221; global_colors_info=&#8221;{}&#8221;]<\/p>\n<h2>Go\u00fbtez la Diff\u00e9rence<\/h2>\n<p>[\/et_pb_text][et_pb_text module_class=&#8221;texto_small&#8221; _builder_version=&#8221;4.27.4&#8243; _module_preset=&#8221;default&#8221; global_colors_info=&#8221;{}&#8221;]<\/p>\n<p>Des produits de la mer exceptionnels ne sont pas seulement une question de qualit\u00e9, c&#8217;est une question d&#8217;exp\u00e9rience. Chez Neptura, nous \u00e9levons nos poissons dans des eaux de haute qualit\u00e9, garantissant :<\/p>\n<p>[\/et_pb_text][et_pb_text admin_label=&#8221;Texto medio&#8221; module_class=&#8221;texto_medio_destacado listado&#8221; _builder_version=&#8221;4.27.4&#8243; _module_preset=&#8221;default&#8221; global_colors_info=&#8221;{}&#8221;]<\/p>\n<p><strong>Une texture ferme et beurr\u00e9e<\/strong> qui fond dans la bouche.<\/p>\n<p><strong>Naturellement riches en acides gras Om\u00e9ga-3<\/strong> pour un choix sain et d\u00e9licieux.<\/p>\n<p><strong>Riches en prot\u00e9ines,<\/strong> une source naturelle de force et d&#8217;\u00e9nergie.<\/p>\n<p><strong>Riches en Vitamine B12,<\/strong> qui soutient le m\u00e9tabolisme et la vitalit\u00e9.<\/p>\n<p><strong>Une source de potassium et de phosphore,<\/strong> essentiels pour les os et les dents.<\/p>\n<p><strong>Une fra\u00eecheur premium,<\/strong> disponible toute l&#8217;ann\u00e9e.<\/p>\n<p>[\/et_pb_text][et_pb_text module_class=&#8221;texto_small&#8221; _builder_version=&#8221;4.27.4&#8243; _module_preset=&#8221;default&#8221; global_colors_info=&#8221;{}&#8221;]<\/p>\n<p>Que vous soyez un chef cuisinier cr\u00e9ant des plats gourmands ou un cuisinier \u00e0 domicile \u00e0 la recherche de saveurs pures et d\u00e9licieuses, notre poisson offre une exp\u00e9rience au-del\u00e0 des attentes. <\/p>\n<p>[\/et_pb_text][et_pb_text admin_label=&#8221;CTA&#8221; module_class=&#8221;cta&#8221; _builder_version=&#8221;4.27.4&#8243; _dynamic_attributes=&#8221;link_option_url&#8221; _module_preset=&#8221;default&#8221; link_option_url=&#8221;@ET-DC@eyJkeW5hbWljIjp0cnVlLCJjb250ZW50IjoicG9zdF9saW5rX3VybF9wYWdlIiwic2V0dGluZ3MiOnsicG9zdF9pZCI6IjEzMDQifX0=@&#8221; global_colors_info=&#8221;{}&#8221;]<\/p>\n<p>D\u00e9couvrez notre turbot et notre sole<\/p>\n<p>[\/et_pb_text][\/et_pb_column][\/et_pb_row][\/et_pb_section][et_pb_section fb_built=&#8221;1&#8243; module_class=&#8221;seccion_cuadro&#8221; _builder_version=&#8221;4.27.4&#8243; _module_preset=&#8221;default&#8221; background_image=&#8221;https:\/\/neptura.invbit.systems\/wp-content\/uploads\/2025\/10\/Seccion-7-1.png&#8221; global_colors_info=&#8221;{}&#8221;][et_pb_row _builder_version=&#8221;4.27.4&#8243; _module_preset=&#8221;default&#8221; global_colors_info=&#8221;{}&#8221;][et_pb_column type=&#8221;4_4&#8243; _builder_version=&#8221;4.27.4&#8243; _module_preset=&#8221;default&#8221; global_colors_info=&#8221;{}&#8221;][et_pb_text admin_label=&#8221;Texto&#8221; module_class=&#8221;titulo_cuadro&#8221; _builder_version=&#8221;4.27.4&#8243; _module_preset=&#8221;default&#8221; animation_style=&#8221;fade&#8221; global_colors_info=&#8221;{}&#8221;]<\/p>\n<p>Neptura<\/p>\n<p>[\/et_pb_text][et_pb_text admin_label=&#8221;Antetitulo&#8221; module_class=&#8221;antetitulo marron&#8221; _builder_version=&#8221;4.27.4&#8243; _module_preset=&#8221;default&#8221; header_text_align=&#8221;center&#8221; animation_style=&#8221;fade&#8221; global_colors_info=&#8221;{}&#8221;]<\/p>\n<p>parce que l\u2019attention cr\u00e9e le go\u00fbt<\/p>\n<p>[\/et_pb_text][et_pb_text module_class=&#8221;texto_small marron&#8221; _builder_version=&#8221;4.27.4&#8243; _module_preset=&#8221;default&#8221; global_colors_info=&#8221;{}&#8221;]<\/p>\n<p><strong>De la qualit\u00e9<\/strong> de l&#8217;eau que nous utilisons aux poissons que nous \u00e9levons, chaque \u00e9tape est guid\u00e9e par le soin. L&#8217;engagement fait la diff\u00e9rence.<\/p>\n<p>[\/et_pb_text][et_pb_text admin_label=&#8221;CTA&#8221; module_class=&#8221;cta_claro&#8221; _builder_version=&#8221;4.27.4&#8243; _dynamic_attributes=&#8221;link_option_url&#8221; _module_preset=&#8221;default&#8221; link_option_url=&#8221;@ET-DC@eyJkeW5hbWljIjp0cnVlLCJjb250ZW50IjoicG9zdF9saW5rX3VybF9wYWdlIiwic2V0dGluZ3MiOnsicG9zdF9pZCI6Ijk5OSJ9fQ==@&#8221; global_colors_info=&#8221;{}&#8221;]Consultez nos derni\u00e8res actualit\u00e9s[\/et_pb_text][\/et_pb_column][\/et_pb_row][\/et_pb_section]<\/p>\n","protected":false},"excerpt":{"rendered":"<p>Scroll to ExploreRed\u00e9finir le poisson:quand l&#8217;excellence rime avec responsabilit\u00e9Chez Neptura, nous pensons qu\u2019un produit de la mer exceptionnel commence par le soin.Nos soles et turbots premium sont \u00e9lev\u00e9s dans des installations d&#8217;aquaculture en haute mer terrestres de pointe sur la c\u00f4te nord-atlantique, o\u00f9 l&#8217;utilisation d&#8217;eau de mer contribue \u00e0 garantir un go\u00fbt, une texture et [&hellip;]<\/p>\n","protected":false},"author":1,"featured_media":1398,"parent":0,"menu_order":0,"comment_status":"closed","ping_status":"closed","template":"","meta":{"_acf_changed":false,"_et_pb_use_builder":"on","_et_pb_old_content":"","_et_gb_content_width":"","footnotes":""},"class_list":["post-1396","page","type-page","status-publish","has-post-thumbnail","hentry"],"acf":[],"_links":{"self":[{"href":"https:\/\/neptura.invbit.systems\/fr\/wp-json\/wp\/v2\/pages\/1396","targetHints":{"allow":["GET"]}}],"collection":[{"href":"https:\/\/neptura.invbit.systems\/fr\/wp-json\/wp\/v2\/pages"}],"about":[{"href":"https:\/\/neptura.invbit.systems\/fr\/wp-json\/wp\/v2\/types\/page"}],"author":[{"embeddable":true,"href":"https:\/\/neptura.invbit.systems\/fr\/wp-json\/wp\/v2\/users\/1"}],"replies":[{"embeddable":true,"href":"https:\/\/neptura.invbit.systems\/fr\/wp-json\/wp\/v2\/comments?post=1396"}],"version-history":[{"count":15,"href":"https:\/\/neptura.invbit.systems\/fr\/wp-json\/wp\/v2\/pages\/1396\/revisions"}],"predecessor-version":[{"id":2180,"href":"https:\/\/neptura.invbit.systems\/fr\/wp-json\/wp\/v2\/pages\/1396\/revisions\/2180"}],"wp:featuredmedia":[{"embeddable":true,"href":"https:\/\/neptura.invbit.systems\/fr\/wp-json\/wp\/v2\/media\/1398"}],"wp:attachment":[{"href":"https:\/\/neptura.invbit.systems\/fr\/wp-json\/wp\/v2\/media?parent=1396"}],"curies":[{"name":"wp","href":"https:\/\/api.w.org\/{rel}","templated":true}]}}