{"id":1304,"date":"2025-03-21T09:03:32","date_gmt":"2025-03-21T08:03:32","guid":{"rendered":"https:\/\/neptura.invbit.systems\/productos\/"},"modified":"2026-01-13T16:21:08","modified_gmt":"2026-01-13T15:21:08","slug":"produits","status":"publish","type":"page","link":"https:\/\/neptura.invbit.systems\/fr\/produits\/","title":{"rendered":"Produits"},"content":{"rendered":"<p>[et_pb_section fb_built=&#8221;1&#8243; admin_label=&#8221;Section T\u00edtulo&#8221; module_class=&#8221;seccion_video fondo_azul&#8221; _builder_version=&#8221;4.27.4&#8243; _module_preset=&#8221;default&#8221; background_image=&#8221;https:\/\/neptura.invbit.systems\/wp-content\/uploads\/2025\/03\/Group-32.png&#8221; global_colors_info=&#8221;{}&#8221;][et_pb_row _builder_version=&#8221;4.27.4&#8243; _module_preset=&#8221;default&#8221; global_colors_info=&#8221;{}&#8221;][et_pb_column type=&#8221;4_4&#8243; _builder_version=&#8221;4.27.4&#8243; _module_preset=&#8221;default&#8221; global_colors_info=&#8221;{}&#8221;][et_pb_text admin_label=&#8221;T\u00edtulo&#8221; _builder_version=&#8221;4.27.4&#8243; _module_preset=&#8221;default&#8221; animation_style=&#8221;fade&#8221; global_colors_info=&#8221;{}&#8221;]<\/p>\n<h1>Produits<\/h1>\n<p>[\/et_pb_text][\/et_pb_column][\/et_pb_row][et_pb_row column_structure=&#8221;1_2,1_2&#8243; module_class=&#8221;fila_scroll&#8221; _builder_version=&#8221;4.27.4&#8243; _module_preset=&#8221;default&#8221; global_colors_info=&#8221;{}&#8221;][et_pb_column type=&#8221;1_2&#8243; _builder_version=&#8221;4.27.4&#8243; _module_preset=&#8221;default&#8221; global_colors_info=&#8221;{}&#8221;][et_pb_image src=&#8221;https:\/\/neptura.invbit.systems\/wp-content\/uploads\/2025\/03\/Vector-30.svg&#8221; title_text=&#8221;Vector (30)&#8221; _builder_version=&#8221;4.27.4&#8243; _module_preset=&#8221;default&#8221; global_colors_info=&#8221;{}&#8221;][\/et_pb_image][\/et_pb_column][et_pb_column type=&#8221;1_2&#8243; _builder_version=&#8221;4.27.4&#8243; _module_preset=&#8221;default&#8221; global_colors_info=&#8221;{}&#8221;][et_pb_text _builder_version=&#8221;4.27.4&#8243; _module_preset=&#8221;default&#8221; global_colors_info=&#8221;{}&#8221;]Scroll to Explore[\/et_pb_text][\/et_pb_column][\/et_pb_row][\/et_pb_section][et_pb_section fb_built=&#8221;1&#8243; admin_label=&#8221;Section Introduccion&#8221; module_class=&#8221;fondo_azul seccion_introduccion&#8221; _builder_version=&#8221;4.27.5&#8243; _module_preset=&#8221;default&#8221; hover_enabled=&#8221;0&#8243; global_colors_info=&#8221;{}&#8221; disabled_on=&#8221;on|on|on&#8221; disabled=&#8221;on&#8221; sticky_enabled=&#8221;0&#8243;][et_pb_row module_class=&#8221;fila_imagen&#8221; _builder_version=&#8221;4.27.4&#8243; _module_preset=&#8221;default&#8221; global_colors_info=&#8221;{}&#8221;][et_pb_column type=&#8221;4_4&#8243; _builder_version=&#8221;4.27.4&#8243; _module_preset=&#8221;default&#8221; global_colors_info=&#8221;{}&#8221;][et_pb_image src=&#8221;https:\/\/neptura.invbit.systems\/wp-content\/uploads\/2025\/10\/Group-24.svg&#8221; title_text=&#8221;Group 24&#8243; align=&#8221;center&#8221; _builder_version=&#8221;4.27.4&#8243; _module_preset=&#8221;default&#8221; global_colors_info=&#8221;{}&#8221;][\/et_pb_image][\/et_pb_column][\/et_pb_row][et_pb_row column_structure=&#8221;2_5,3_5&#8243; module_class=&#8221;fila_textos&#8221; _builder_version=&#8221;4.27.4&#8243; _module_preset=&#8221;default&#8221; global_colors_info=&#8221;{}&#8221;][et_pb_column type=&#8221;2_5&#8243; _builder_version=&#8221;4.27.4&#8243; _module_preset=&#8221;default&#8221; global_colors_info=&#8221;{}&#8221;][et_pb_text module_class=&#8221;texto_small marron&#8221; _builder_version=&#8221;4.27.4&#8243; _module_preset=&#8221;default&#8221; global_colors_info=&#8221;{}&#8221;]<\/p>\n<p>Le secret d\u2019un produit de la mer <strong>extraordinaire<\/strong> r\u00e9side dans la fa\u00e7on dont il est \u00e9lev\u00e9. Nous prenons soin de notre turbot et de notre sole avec le m\u00eame d\u00e9vouement que les chefs et les amateurs de cuisine apportent \u00e0 leur m\u00e9tier. Notre Offshore aquaculture terrestre garantit que chaque poisson grandit dans un environnement soigneusement contr\u00f4l\u00e9, o\u00f9 sa saveur, sa texture et sa fra\u00eecheur sont naturellement am\u00e9lior\u00e9es.<\/p>\n<p>[\/et_pb_text][\/et_pb_column][et_pb_column type=&#8221;3_5&#8243; _builder_version=&#8221;4.27.4&#8243; _module_preset=&#8221;default&#8221; global_colors_info=&#8221;{}&#8221;][et_pb_text module_class=&#8221;marron texto_small&#8221; _builder_version=&#8221;4.27.4&#8243; _module_preset=&#8221;default&#8221; global_colors_info=&#8221;{}&#8221;]<\/p>\n<p>Nos poissons sont <strong>riches en prot\u00e9ines,<\/strong> ce qui contribue \u00e0 la croissance et au maintien de la masse musculaire et soutient la fonction normale des os. Ils sont \u00e9galement une <strong>source naturelle de<\/strong> potassium et de phosphore, qui aident \u00e0 maintenir des os et des dents sains et soutiennent le m\u00e9tabolisme \u00e9nerg\u00e9tique normal. De plus, leur haute teneur en <strong>Vitamine B12<\/strong> aide \u00e0 r\u00e9duire la fatigue, soutient les syst\u00e8mes immunitaire et nerveux, et contribue \u00e0 la formation des globules rouges.<\/p>\n<p>Nous \u00e9levons \u00e9galement nos poissons dans un environnement qui pr\u00e9vient la pr\u00e9sence <strong>d&#8217;anisakis<\/strong> et contribue \u00e0 garantir \u00e0 la fois la s\u00e9curit\u00e9 et la qualit\u00e9. Dans le cadre de nos protocoles rigoureux de surveillance de l&#8217;eau, aucun <strong>microplastique<\/strong> n&#8217;a jamais \u00e9t\u00e9 d\u00e9tect\u00e9 dans nos fermes ou dans les eaux que nous utilisons.<\/p>\n<p>[\/et_pb_text][\/et_pb_column][\/et_pb_row][\/et_pb_section][et_pb_section fb_built=&#8221;1&#8243; admin_label=&#8221;Section platos&#8221; module_id=&#8221;turbot&#8221; module_class=&#8221;seccion_platos &#8221; _builder_version=&#8221;4.27.4&#8243; _module_preset=&#8221;default&#8221; background_enable_image=&#8221;off&#8221; background_size=&#8221;custom&#8221; background_image_height=&#8221;20%&#8221; background_position=&#8221;bottom_left&#8221; background_horizontal_offset=&#8221;60%&#8221; background_vertical_offset=&#8221;20%&#8221; background_last_edited=&#8221;on|desktop&#8221; background_enable_image_tablet=&#8221;off&#8221; global_colors_info=&#8221;{}&#8221;][et_pb_row module_class=&#8221;m_top0&#8243; _builder_version=&#8221;4.27.4&#8243; _module_preset=&#8221;default&#8221; global_colors_info=&#8221;{}&#8221;][et_pb_column type=&#8221;4_4&#8243; _builder_version=&#8221;4.27.4&#8243; _module_preset=&#8221;default&#8221; global_colors_info=&#8221;{}&#8221;][et_pb_text module_class=&#8221;t_center&#8221; _builder_version=&#8221;4.27.4&#8243; _module_preset=&#8221;default&#8221; animation_style=&#8221;fade&#8221; global_colors_info=&#8221;{}&#8221;]<\/p>\n<h2>Turbot:<\/h2>\n<p><span class=\"antetitulo\">saveur exquise &#038; qualit\u00e9 sup\u00e9rieure<\/span>[\/et_pb_text][\/et_pb_column][\/et_pb_row][et_pb_row column_structure=&#8221;1_3,1_3,1_3&#8243; use_custom_gutter=&#8221;on&#8221; gutter_width=&#8221;2&#8243; make_equal=&#8221;on&#8221; module_class=&#8221;fila_platos&#8221; _builder_version=&#8221;4.27.4&#8243; _module_preset=&#8221;default&#8221; global_colors_info=&#8221;{}&#8221;][et_pb_column type=&#8221;1_3&#8243; module_class=&#8221;columna_texto&#8221; _builder_version=&#8221;4.27.4&#8243; _module_preset=&#8221;default&#8221; global_colors_info=&#8221;{}&#8221;][et_pb_text admin_label=&#8221;T\u00edtulo&#8221; module_class=&#8221;texto_small t_medium&#8221; _builder_version=&#8221;4.27.4&#8243; _module_preset=&#8221;default&#8221; global_colors_info=&#8221;{}&#8221;]V\u00e9ritable embl\u00e8me de la cuisine europ\u00e9enne, le turbot s\u00e9duit par sa chair blanche et ferme ainsi que par sa saveur douce et riche, s\u2019adaptant parfaitement \u00e0 une grande diversit\u00e9 de styles culinaires.&#8221;[\/et_pb_text][et_pb_text module_class=&#8221;texto_small&#8221; _builder_version=&#8221;4.27.4&#8243; _module_preset=&#8221;default&#8221; global_colors_info=&#8221;{}&#8221;]<\/p>\n<h3>Texture exceptionnelle: <\/h3>\n<p>une chair ferme, d\u00e9licatement charnue, qui reste tendre et savoureuse apr\u00e8s cuisson.[\/et_pb_text][et_pb_text module_class=&#8221;texto_small&#8221; _builder_version=&#8221;4.27.4&#8243; _module_preset=&#8221;default&#8221; global_colors_info=&#8221;{}&#8221;]<\/p>\n<h3>Saveur d\u00e9licate:<\/h3>\n<p>un go\u00fbt raffin\u00e9, l\u00e9g\u00e8rement sucr\u00e9, parfait pour sublimer des cr\u00e9ations gastronomiques.[\/et_pb_text][et_pb_text module_class=&#8221;texto_small&#8221; _builder_version=&#8221;4.27.4&#8243; _module_preset=&#8221;default&#8221; global_colors_info=&#8221;{}&#8221;]<\/p>\n<h3>Valeur nutritionnelle:<\/h3>\n<p>une richesse en vitamine B12, en acides gras Om\u00e9ga-3, et en min\u00e9raux essentiels tels que le phosphore et le potassium, garantissant un \u00e9quilibre parfait entre bien-\u00eatre et gourmandise.[\/et_pb_text][\/et_pb_column][et_pb_column type=&#8221;1_3&#8243; _builder_version=&#8221;4.27.4&#8243; _module_preset=&#8221;default&#8221; global_colors_info=&#8221;{}&#8221;][et_pb_image src=&#8221;https:\/\/neptura.invbit.systems\/wp-content\/uploads\/2025\/10\/NEPTURA-EMPLATADO-2.0-1.png&#8221; title_text=&#8221;NEPTURA-EMPLATADO 2.0 1&#8243; align=&#8221;center&#8221; force_fullwidth=&#8221;on&#8221; module_class=&#8221;imagen_borde &#8221; _builder_version=&#8221;4.27.4&#8243; _module_preset=&#8221;default&#8221; background_enable_image=&#8221;off&#8221; background_size=&#8221;custom&#8221; background_image_width=&#8221;50%&#8221; background_position=&#8221;bottom_right&#8221; background_last_edited=&#8221;on|desktop&#8221; background_image_tablet=&#8221;https:\/\/neptura.invbit.systems\/wp-content\/uploads\/2025\/03\/Group-23-1.png&#8221; background_enable_image_tablet=&#8221;on&#8221; global_colors_info=&#8221;{}&#8221;][\/et_pb_image][\/et_pb_column][et_pb_column type=&#8221;1_3&#8243; module_class=&#8221;columna_texto&#8221; _builder_version=&#8221;4.27.4&#8243; _module_preset=&#8221;default&#8221; global_colors_info=&#8221;{}&#8221;][et_pb_text module_class=&#8221;texto_small&#8221; _builder_version=&#8221;4.27.4&#8243; _module_preset=&#8221;default&#8221; global_colors_info=&#8221;{}&#8221;]<\/p>\n<h3>Polyvalence culinaire:<\/h3>\n<p>id\u00e9al pour des pr\u00e9parations grill\u00e9es, au four, \u00e0 la vapeur, ou encore cru en carpaccio ou ceviche.[\/et_pb_text][et_pb_text module_class=&#8221;texto_small&#8221; _builder_version=&#8221;4.27.4&#8243; _module_preset=&#8221;default&#8221; global_colors_info=&#8221;{}&#8221;]<\/p>\n<h3>Une gamme compl\u00e8te pour r\u00e9pondre \u00e0 toutes vos attentes:<\/h3>\n<p><strong>Produits frais:<\/strong> turbot entier, turbot \u00e9visc\u00e9r\u00e9 entier, filets royaux, filets avec peau, d\u00e9coupes premium et portions.<br \/><strong>Produits surgel\u00e9s:<\/strong> turbot entier saign\u00e9 et \u00e9visc\u00e9r\u00e9, filets classiques (disponibles \u00e9galement sous vide), filets royaux sous vide, filets Luxor, d\u00e9coupes premium et mini-bouch\u00e9es.<\/p>\n<p>[\/et_pb_text][et_pb_text admin_label=&#8221;T\u00edtulo&#8221; module_class=&#8221;texto_small t_medium&#8221; _builder_version=&#8221;4.27.4&#8243; _module_preset=&#8221;default&#8221; global_colors_info=&#8221;{}&#8221;]Elev\u00e9 avec le plus grand soin, notre turbot b\u00e9n\u00e9ficie d\u2019une attention particuli\u00e8re port\u00e9e \u00e0 la qualit\u00e9 de l\u2019eau et \u00e0 une alimentation optimis\u00e9e, garantissant un go\u00fbt pur et frais. Ce poisson, fa\u00e7onn\u00e9 par la nature, se distingue par une pr\u00e9paration simplifi\u00e9e : ses ar\u00eates s\u2019enl\u00e8vent facilement, rendant sa cuisson et sa pr\u00e9paration tout aussi agr\u00e9ables que sa d\u00e9gustation.[\/et_pb_text][\/et_pb_column][\/et_pb_row][\/et_pb_section][et_pb_section fb_built=&#8221;1&#8243; admin_label=&#8221;Section platos&#8221; module_id=&#8221;sole&#8221; module_class=&#8221;seccion_platos fondo_marron&#8221; _builder_version=&#8221;4.27.4&#8243; _module_preset=&#8221;default&#8221; background_enable_image=&#8221;off&#8221; background_size=&#8221;custom&#8221; background_image_height=&#8221;20%&#8221; background_position=&#8221;bottom_left&#8221; background_horizontal_offset=&#8221;60%&#8221; background_vertical_offset=&#8221;20%&#8221; background_last_edited=&#8221;on|desktop&#8221; background_enable_image_tablet=&#8221;off&#8221; global_colors_info=&#8221;{}&#8221;][et_pb_row _builder_version=&#8221;4.27.4&#8243; _module_preset=&#8221;default&#8221; global_colors_info=&#8221;{}&#8221;][et_pb_column type=&#8221;4_4&#8243; _builder_version=&#8221;4.27.4&#8243; _module_preset=&#8221;default&#8221; global_colors_info=&#8221;{}&#8221;][et_pb_text module_class=&#8221;t_center&#8221; _builder_version=&#8221;4.27.4&#8243; _module_preset=&#8221;default&#8221; animation_style=&#8221;fade&#8221; global_colors_info=&#8221;{}&#8221;]<\/p>\n<h2>Sole:<\/h2>\n<p><span class=\"antetitulo\">\u00e9l\u00e9gance et l\u00e9g\u00e8ret\u00e9 \u00e0 chaque bouch\u00e9e<\/span>[\/et_pb_text][\/et_pb_column][\/et_pb_row][et_pb_row column_structure=&#8221;1_3,1_3,1_3&#8243; use_custom_gutter=&#8221;on&#8221; gutter_width=&#8221;2&#8243; make_equal=&#8221;on&#8221; _builder_version=&#8221;4.27.4&#8243; _module_preset=&#8221;default&#8221; global_colors_info=&#8221;{}&#8221;][et_pb_column type=&#8221;1_3&#8243; module_class=&#8221;columna_texto&#8221; _builder_version=&#8221;4.27.4&#8243; _module_preset=&#8221;default&#8221; global_colors_info=&#8221;{}&#8221;][et_pb_text admin_label=&#8221;T\u00edtulo&#8221; module_class=&#8221;texto_small t_medium&#8221; _builder_version=&#8221;4.27.4&#8243; _module_preset=&#8221;default&#8221; global_colors_info=&#8221;{}&#8221;]Reconnue pour sa texture raffin\u00e9e et son go\u00fbt d\u00e9licat, la sole est un poisson tr\u00e8s recherch\u00e9, pris\u00e9 par les chefs et les cuisiniers \u00e0 domicile pour sa saveur d\u00e9licate et sa texture exceptionnelle.[\/et_pb_text][et_pb_text module_class=&#8221;texto_small&#8221; _builder_version=&#8221;4.27.4&#8243; _module_preset=&#8221;default&#8221; global_colors_info=&#8221;{}&#8221;]<\/p>\n<h3>Parfaitement tendre:<\/h3>\n<p> sa texture fine et feuillet\u00e9e fond sans effort en bouche.[\/et_pb_text][et_pb_text module_class=&#8221;texto_small&#8221; _builder_version=&#8221;4.27.4&#8243; _module_preset=&#8221;default&#8221; global_colors_info=&#8221;{}&#8221;]<\/p>\n<h3>Douce et \u00e9l\u00e9gante:<\/h3>\n<p>un go\u00fbt doux, l\u00e9g\u00e8rement sucr\u00e9 qui sublime magnifiquement les aromes.[\/et_pb_text][\/et_pb_column][et_pb_column type=&#8221;1_3&#8243; module_class=&#8221;columna_imagen&#8221; _builder_version=&#8221;4.27.4&#8243; _module_preset=&#8221;default&#8221; global_colors_info=&#8221;{}&#8221;][et_pb_image src=&#8221;https:\/\/neptura.invbit.systems\/wp-content\/uploads\/2025\/10\/NEPTURA-EMPLATADO-2.0-1-1.png&#8221; title_text=&#8221;NEPTURA-EMPLATADO 2.0 1 (1)&#8221; align=&#8221;center&#8221; force_fullwidth=&#8221;on&#8221; module_class=&#8221;imagen_borde &#8221; _builder_version=&#8221;4.27.4&#8243; _module_preset=&#8221;default&#8221; background_enable_image=&#8221;off&#8221; background_size=&#8221;custom&#8221; background_image_width=&#8221;50%&#8221; background_position=&#8221;bottom_right&#8221; background_last_edited=&#8221;on|desktop&#8221; background_image_tablet=&#8221;https:\/\/neptura.invbit.systems\/wp-content\/uploads\/2025\/03\/Group-23-1.png&#8221; background_enable_image_tablet=&#8221;on&#8221; global_colors_info=&#8221;{}&#8221;][\/et_pb_image][\/et_pb_column][et_pb_column type=&#8221;1_3&#8243; module_class=&#8221;columna_texto&#8221; _builder_version=&#8221;4.27.4&#8243; _module_preset=&#8221;default&#8221; global_colors_info=&#8221;{}&#8221;][et_pb_text module_class=&#8221;texto_small&#8221; _builder_version=&#8221;4.27.4&#8243; _module_preset=&#8221;default&#8221; global_colors_info=&#8221;{}&#8221;]<\/p>\n<h3>Riche en nutriments:<\/h3>\n<p>riche en potassium, phosphore, vitamines B12 et B3, et acides gras Om\u00e9ga-3.[\/et_pb_text][et_pb_text module_class=&#8221;texto_small&#8221; _builder_version=&#8221;4.27.4&#8243; _module_preset=&#8221;default&#8221; global_colors_info=&#8221;{}&#8221;]<\/p>\n<h3>Polyvalence culinaire:<\/h3>\n<p>parfaite pour po\u00ealer, pocher, cuire \u00e0 la vapeur ou servir avec des sauces l\u00e9g\u00e8res.[\/et_pb_text][et_pb_text module_class=&#8221;texto_small&#8221; _builder_version=&#8221;4.27.4&#8243; _module_preset=&#8221;default&#8221; global_colors_info=&#8221;{}&#8221;]<\/p>\n<h3>Une gamme de produits pour r\u00e9pondre \u00e0 tous vos besoins:<\/h3>\n<p><strong>Produits frais<\/strong>: sole enti\u00e8re, sole \u00e9visc\u00e9r\u00e9e enti\u00e8re.<br \/><strong>Produits surgel\u00e9s<\/strong>: sole \u00e9visc\u00e9r\u00e9e et filets \u00e9caill\u00e9s.<\/p>\n<p>[\/et_pb_text][et_pb_text admin_label=&#8221;T\u00edtulo&#8221; module_class=&#8221;texto_small t_medium&#8221; _builder_version=&#8221;4.27.4&#8243; _module_preset=&#8221;default&#8221; global_colors_info=&#8221;{}&#8221;]\u00c9lev\u00e9e dans un environnement contr\u00f4l\u00e9, la sole Neptura est s\u00fbre et toujours d&#8217;une fra\u00eecheur optimale, ce qui en fait un choix id\u00e9al pour ceux qui cherchent un \u00e9quilibre entre saveur et bien-\u00eatre.[\/et_pb_text][\/et_pb_column][\/et_pb_row][\/et_pb_section][et_pb_section fb_built=&#8221;1&#8243; module_class=&#8221;seccion_cuadro&#8221; _builder_version=&#8221;4.27.4&#8243; _module_preset=&#8221;default&#8221; background_image=&#8221;https:\/\/neptura.invbit.systems\/wp-content\/uploads\/2025\/10\/Seccion-7-4.png&#8221; locked=&#8221;off&#8221; global_colors_info=&#8221;{}&#8221;][et_pb_row module_id=&#8221;recipes&#8221; _builder_version=&#8221;4.27.4&#8243; _module_preset=&#8221;default&#8221; global_colors_info=&#8221;{}&#8221;][et_pb_column type=&#8221;4_4&#8243; _builder_version=&#8221;4.27.4&#8243; _module_preset=&#8221;default&#8221; global_colors_info=&#8221;{}&#8221;][et_pb_text admin_label=&#8221;Texto&#8221; module_class=&#8221;titulo_cuadro&#8221; _builder_version=&#8221;4.27.4&#8243; _module_preset=&#8221;default&#8221; text_orientation=&#8221;center&#8221; animation_style=&#8221;fade&#8221; global_colors_info=&#8221;{}&#8221;]<\/p>\n<p>Explorez<\/p>\n<p>[\/et_pb_text][et_pb_text admin_label=&#8221;Antetitulo&#8221; module_class=&#8221;antetitulo marron&#8221; _builder_version=&#8221;4.27.4&#8243; _module_preset=&#8221;default&#8221; text_orientation=&#8221;center&#8221; animation_style=&#8221;fade&#8221; global_colors_info=&#8221;{}&#8221;]<\/p>\n<p>l&#8217;art de cuisiner avec Neptura<\/p>\n<p>[\/et_pb_text][et_pb_text module_class=&#8221;texto_small marron&#8221; _builder_version=&#8221;4.27.4&#8243; _module_preset=&#8221;default&#8221; global_colors_info=&#8221;{}&#8221;]<\/p>\n<p><strong>\u00c0 la recherche d&#8217;inspiration?<\/strong> D\u00e9couvrez de d\u00e9licieuses fa\u00e7ons de pr\u00e9parer notre turbot et notre sole premium avec une vari\u00e9t\u00e9 de recettes gourmandes et quotidiennes.<\/p>\n<p>[\/et_pb_text][et_pb_text admin_label=&#8221;CTA&#8221; module_class=&#8221;cta_claro&#8221; _builder_version=&#8221;4.27.4&#8243; _dynamic_attributes=&#8221;link_option_url&#8221; _module_preset=&#8221;default&#8221; link_option_url=&#8221;@ET-DC@eyJkeW5hbWljIjp0cnVlLCJjb250ZW50IjoicG9zdF9saW5rX3VybF9wYWdlIiwic2V0dGluZ3MiOnsicG9zdF9pZCI6Ijc2OCJ9fQ==@&#8221; global_colors_info=&#8221;{}&#8221;]<\/p>\n<p>Explorez nos Recettes<\/p>\n<p>[\/et_pb_text][\/et_pb_column][\/et_pb_row][\/et_pb_section]<\/p>\n","protected":false},"excerpt":{"rendered":"<p>ProduitsScroll to ExploreLe secret d\u2019un produit de la mer extraordinaire r\u00e9side dans la fa\u00e7on dont il est \u00e9lev\u00e9. Nous prenons soin de notre turbot et de notre sole avec le m\u00eame d\u00e9vouement que les chefs et les amateurs de cuisine apportent \u00e0 leur m\u00e9tier. Notre Offshore aquaculture terrestre garantit que chaque poisson grandit dans un [&hellip;]<\/p>\n","protected":false},"author":1,"featured_media":594,"parent":0,"menu_order":0,"comment_status":"closed","ping_status":"closed","template":"","meta":{"_acf_changed":false,"_et_pb_use_builder":"on","_et_pb_old_content":"","_et_gb_content_width":"","footnotes":""},"class_list":["post-1304","page","type-page","status-publish","has-post-thumbnail","hentry"],"acf":[],"_links":{"self":[{"href":"https:\/\/neptura.invbit.systems\/fr\/wp-json\/wp\/v2\/pages\/1304","targetHints":{"allow":["GET"]}}],"collection":[{"href":"https:\/\/neptura.invbit.systems\/fr\/wp-json\/wp\/v2\/pages"}],"about":[{"href":"https:\/\/neptura.invbit.systems\/fr\/wp-json\/wp\/v2\/types\/page"}],"author":[{"embeddable":true,"href":"https:\/\/neptura.invbit.systems\/fr\/wp-json\/wp\/v2\/users\/1"}],"replies":[{"embeddable":true,"href":"https:\/\/neptura.invbit.systems\/fr\/wp-json\/wp\/v2\/comments?post=1304"}],"version-history":[{"count":12,"href":"https:\/\/neptura.invbit.systems\/fr\/wp-json\/wp\/v2\/pages\/1304\/revisions"}],"predecessor-version":[{"id":2088,"href":"https:\/\/neptura.invbit.systems\/fr\/wp-json\/wp\/v2\/pages\/1304\/revisions\/2088"}],"wp:featuredmedia":[{"embeddable":true,"href":"https:\/\/neptura.invbit.systems\/fr\/wp-json\/wp\/v2\/media\/594"}],"wp:attachment":[{"href":"https:\/\/neptura.invbit.systems\/fr\/wp-json\/wp\/v2\/media?parent=1304"}],"curies":[{"name":"wp","href":"https:\/\/api.w.org\/{rel}","templated":true}]}}