{"id":1577,"date":"2025-03-19T13:25:55","date_gmt":"2025-03-19T12:25:55","guid":{"rendered":"https:\/\/neptura.invbit.systems\/politica-privacidad\/"},"modified":"2025-12-10T18:03:17","modified_gmt":"2025-12-10T17:03:17","slug":"privacy-policy","status":"publish","type":"page","link":"https:\/\/neptura.invbit.systems\/en\/privacy-policy\/","title":{"rendered":"Privacy Policy"},"content":{"rendered":"<p>[et_pb_section fb_built=&#8221;1&#8243; module_class=&#8221;textos_legales&#8221; _builder_version=&#8221;4.27.4&#8243; _module_preset=&#8221;default&#8221; global_colors_info=&#8221;{}&#8221;][et_pb_row _builder_version=&#8221;4.27.4&#8243; _module_preset=&#8221;default&#8221; global_colors_info=&#8221;{}&#8221;][et_pb_column type=&#8221;4_4&#8243; _builder_version=&#8221;4.27.4&#8243; _module_preset=&#8221;default&#8221; global_colors_info=&#8221;{}&#8221;][et_pb_text admin_label=&#8221;T\u00edtulo&#8221; _builder_version=&#8221;4.27.4&#8243; _module_preset=&#8221;default&#8221; hover_enabled=&#8221;0&#8243; global_colors_info=&#8221;{}&#8221; sticky_enabled=&#8221;0&#8243;]<\/p>\n<h1>Privacy Policy<\/h1>\n<p>[\/et_pb_text][\/et_pb_column][\/et_pb_row][et_pb_row _builder_version=&#8221;4.27.4&#8243; _module_preset=&#8221;default&#8221; global_colors_info=&#8221;{}&#8221;][et_pb_column type=&#8221;4_4&#8243; _builder_version=&#8221;4.27.4&#8243; _module_preset=&#8221;default&#8221; global_colors_info=&#8221;{}&#8221;][et_pb_text _builder_version=&#8221;4.27.4&#8243; _module_preset=&#8221;default&#8221; hover_enabled=&#8221;0&#8243; global_colors_info=&#8221;{}&#8221; sticky_enabled=&#8221;0&#8243;]<\/p>\n<p>You are on the website of\u00a0Stolt Sea Farm UK PLC\u00a0(SSF) a company whose registered office\u00a0Aldwych House 71-91 Aldwych, London, WC2B 4HN. This website is designed to make it easier to do businesses with us and provide information about our business. We recognize that it is important for individuals and businesses to be confident that their privacy is protected. This policy describes what information is collected via this website and how that information is used. For purposes of this policy, &#8220;personal data&#8221; means any information concerning a natural person, as opposed to a corporate entity, which, because of name, number, symbol, mark, or other identifier, can be used to identify that natural person. SSF will only collects personal data when you provide that information voluntarily by sending an e-mail or by registration under the heading \u201cpoint of sale\u201d. SSF will only use personal data for legitimate purposes, and personal data will be processed in accordance with applicable data protection law. SSF is regulated by and is implementing EU data protection law (GDPR). GDPR and local privacy law will apply to the process of personal data by SSF.<\/p>\n<h3>The Type of Information We Collect<\/h3>\n<p>In order to use the service the website offer, you need to register certain personal data. Once you register your details, you are no longer anonymous to us and by providing personal data you consent to the transfer and storage of that information as set out in this Privacy Policy. We may collect and store the following personal information: Name, address, telephone number, email address, company details; Information based on your activities on the website; Information that you provide for a specific purpose, such as to provide you with certain information you request or to send you emails or newsletters; Information in connection with communications you send us, for example to report a problem or submit queries; Additional information we ask you to submit to authenticate yourself or your company; and Other specific information such as IP addresses and cookies.<\/p>\n<h3>Automated Collection<\/h3>\n<p>We may automatically collect information such as the type of internet browser you use, the Internet Protocol address of the computer you are using, the site from which you linked to our website and the website you visit as you leave this website. We use this information to collect broad demographic information about the visitors to the website and to improve the website&#8217;s content and to help us understand how users are interacting with the website and services provided.<\/p>\n<h3>Use of Cookies<\/h3>\n<p>We use cookies to enhance the operability and content of this website.<\/p>\n<h3>Use of Collected Information<\/h3>\n<p>Our primary purpose in collecting user information is to provide you with a safe, smooth, efficient, and customised experience and to provide the service you have requested. We may also use the information that you have provided to ensure that the content on our site is presented in the most effective manner for you and your computer and to allow you to participate in any interactive features on our website when you choose to do so. By creating an account and using our website, you agree that we may use your personal information to: provide the services and customer support you request; resolve disputes, collect fees; enforce user terms; customise, measure and improve our services, content and advertising; tell you about our services and those of our corporate family, targeted marketing, service updates, and promotional offers based on your communication preferences; and compare information for accuracy and verify it with third parties.<\/p>\n<h3>Disclosure of Personal Information<\/h3>\n<p>SSF will only collect personal data through this website or disclose personal data collected through this website if the user has consented. Leaving your personal data constitutes consent to the collection and disclosure of the information by SSF for the purposes of the ordered service. SSF may collect or disclose personal data without user consent if the collection or disclosure is: (1) necessary to perform the statutory duties; (2) made pursuant to a court order or by law; (3) for the purpose of validating the identity of the user; or (4) of information to be used solely for statistical purposes that is in a form that cannot be used to identify any particular person. We do not share, sell, or lease personal information about you to any third-parties for their marketing use.<\/p>\n<h3>Links to Other Sites<\/h3>\n<p>Our website may contain links to other sites. While we try to link only to sites that share our high standards and respect for privacy, we are not responsible for the content, security, or privacy practices employed by other sites and a link does not constitute an endorsement of the content, viewpoint, accuracy, opinions, policies, products, services, or accessibility of that website. Once you link to another website from this website, including those maintained by SSF or its affiliates, you are subject to the terms and conditions of that website, including, but not limited to, its Internet privacy policy. Please check these policies before you submit any personal data to these websites.<\/p>\n<h3>Security and Storage of Collected Information<\/h3>\n<p>Although we maintain physical, electronic, and administrative safeguards to protect your personal information from unauthorised or inappropriate access, the transmission of information via the internet is not completely secure. Personal information that you submit via this website is sent to and stored on secure servers located in the European Economic Area (&#8220;EEA&#8221;). However, it may be transferred to, and stored at, a destination outside the EEA and may also be processed by staff operating outside the EEA who work for us, or for one of our service providers. By submitting your information, you agree to this transfer, storing or processing. In the event of such a transfer we will take all steps required by law to ensure that your information is treated securely and in accordance with this Privacy Policy. In addition, if you use our services while you are outside the EEA, your personal information may be transferred outside the EEA in order to provide the service.<\/p>\n<h3>Information Collected<\/h3>\n<p>You can review and change your information by contacting us. Upon your request we will remove your personal data in accordance with applicable law. However, we may retain personal information from closed accounts to comply with the law, prevent fraud, collect any fees owed, resolve disputes, troubleshoot problems, assist with any investigations, and take other actions otherwise permitted by law.<\/p>\n<h3>Exercising Your Rights &amp; Contacting Us<\/h3>\n<p>You have the right to ask us for a copy of any personal data that you have provided to us or that we maintain about you and to request an explanation about the processing. In addition, you have the right to withdraw any consent previously granted or to request correction, amendment, restriction, anonymization or deletion of your personal data; and to obtain the personal data you provide with your consent or in connection with a contract in a structured, machine readable format and to ask us to transfer this data to another data controller. You also have the right to object to the processing of your personal data in some circumstances, in particular when we are using your data for direct marketing or to create a marketing profile. We may decline to process requests that are frivolous\/vexatious, jeopardize the privacy of others, are extremely impractical, or for which access is not otherwise required by local law. Access, correction, or deletion requests can be made by sending an email to privacyoffice@stolt.com or \u00a0marketing.ssf@stolt.com.<\/p>\n<h3>Changes to this Policy<\/h3>\n<p>We may amend this Privacy Policy at any time by posting the amended terms on this website. All amended terms will automatically take effect thirty (30) days after they are initially posted. Please check this Privacy Policy periodically to inform yourself of any changes. This Privacy Policy was last updated on 25. May 2018<\/p>\n<h3>Personal data protection<\/h3>\n<p>The personal data that you provide in this offer will be processed by Stolt Sea Farm UK PLC residing in Aldwych House 71-91 Aldwych, London, WC2B 4HN (hereinafter, SSF), in order to manage your application for candidacy in this selection process. The legal basis that legitimizes this treatment is your consent. Your data will be kept for a period of 2 years. If you do not want your data to be kept during this period, you can exercise your right of deletion or revoke your consent. Your personal data will not be disclosed to third parties except legal obligation.<\/p>\n<p>You may exercise your rights of access, rectification, opposition, deletion, limitation, portability or revoke your consent at any time, by sending a written communication to the indicated postal address, providing a photocopy of your ID or equivalent document, identifying yourself as a candidate and specifying your request. Also, if you consider your right to personal data protection violated, you may file a claim with the Spanish Data Protection Agency (www.aepd.es).<\/p>\n<h3>Data protection &#8211; Your application has not been chosen to proceed in this process<\/h3>\n<p>It is possible that your application will be interesting for future recruitment processes of Stolt Sea Farm UK PLC (hereinafter, SSF), so we ask for your consent to keep your data. We inform you that your data will be included in a file under the responsibility of SSF, with address in Aldwych House 71-91 Aldwych, London, WC2B 4HN, in order to manage your application for future selection processes. The legal basis that legitimizes this treatment is your consent. Your data will be kept for a period of 2 years. If you do not want your data to be kept during this period, you can exercise your right of deletion or revoke your consent. Your personal data will not be disclosed to third parties except legal obligation.<\/p>\n<p>You may exercise your rights of access, rectification, opposition, deletion, limitation, portability or revoke your consent at any time, by sending a written communication to the indicated postal address, providing a photocopy of your ID or equivalent document, identifying yourself as a candidate and specifying your request. Also, if you consider your right to personal data protection violated, you may file a claim with the Spanish Data Protection Agency (www.aepd.es).<\/p>\n<p>After the conservation period, SSF may contact you again to request the updating of your data and the renewal of your consent to keep it for 2 more years.<\/p>\n<p>[\/et_pb_text][\/et_pb_column][\/et_pb_row][\/et_pb_section]<\/p>\n","protected":false},"excerpt":{"rendered":"<p>Privacy PolicyYou are on the website of\u00a0Stolt Sea Farm UK PLC\u00a0(SSF) a company whose registered office\u00a0Aldwych House 71-91 Aldwych, London, WC2B 4HN. This website is designed to make it easier to do businesses with us and provide information about our business. We recognize that it is important for individuals and businesses to be confident that [&hellip;]<\/p>\n","protected":false},"author":1,"featured_media":0,"parent":0,"menu_order":0,"comment_status":"closed","ping_status":"open","template":"","meta":{"_acf_changed":false,"_et_pb_use_builder":"on","_et_pb_old_content":"<h1>Pol\u00edtica de privacidad<\/h1><p><span lang=\"es-ES\">Gracias por visitar el sitio web de Stolt Sea Farm UK PLC (SSF).<\/span><\/p><p><span lang=\"es-ES\">Este sitio web est\u00e1 dise\u00f1ado para facilitar y hacer m\u00e1s eficiente la interacci\u00f3n de las empresas con el SSF.\u00a0<\/span><span lang=\"es-ES\">El<\/span><span lang=\"es-ES\">\u00a0SSF reconoce que es fundamental que las personas y las empresas tengan la seguridad de que su privacidad est\u00e1 protegida cuando visitan el sitio web de SSF.<\/span><\/p><p><span lang=\"es-ES\">Stolt Sea Farm UK PLC y sus filiales respetan su privacidad. La privacidad y la protecci\u00f3n de sus datos personales son importantes para nosotros y nos comprometemos a proteger la integridad, disponibilidad y confidencialidad de sus datos personales. Esta pol\u00edtica de privacidad describe sus derechos a la privacidad y nuestro compromiso de salvaguardar los datos personales. Su objetivo es ayudarle a entender c\u00f3mo procesamos y protegemos sus datos personales. Por \"datos personales\" se entiende cualquier informaci\u00f3n relativa a una persona f\u00edsica identificada o identificable (\"sujeto de los datos\").<\/span><\/p><p><span lang=\"es-ES\">SSF solo utilizar\u00e1 los datos personales para fines leg\u00edtimos, y los datos personales se procesar\u00e1n de acuerdo con la ley de protecci\u00f3n de datos aplicable. SSF est\u00e1 aplicando la ley de protecci\u00f3n de datos de la UE (GDPR). El GDPR y la ley de privacidad local se aplicar\u00e1n al proceso de datos personales por parte de SSF.<\/span><\/p><h3><span lang=\"es-ES\"><strong>Informaci\u00f3n recopilada autom\u00e1ticamente cuando usted visita este sitio web<\/strong><\/span><\/h3><p><span lang=\"es-ES\">Al visitar este sitio web, SSF recoge y almacena autom\u00e1ticamente una cantidad limitada de informaci\u00f3n sobre su visita. La informaci\u00f3n que se recoge autom\u00e1ticamente se utiliza para mejorar el contenido de este sitio web y para ayudar a SSF a entender c\u00f3mo interact\u00faan los usuarios con el sitio web. Esta informaci\u00f3n se recoge con fines de an\u00e1lisis estad\u00edstico, para determinar qu\u00e9 informaci\u00f3n interesa m\u00e1s y menos a nuestros usuarios, y para mejorar la utilidad del material disponible en el sitio web.<\/span><\/p><h3><strong><span lang=\"es-ES\">Cookies<\/span><\/strong><\/h3><p><span lang=\"es-ES\">Como la mayor\u00eda de los sitios web, nuestro sitio web utiliza cookies. Una cookie es un peque\u00f1o archivo de letras y n\u00fameros que se guarda en su navegador. Las cookies no pueden identificarle. En la mayor\u00eda de los navegadores puede aceptar o rechazar todas las cookies, o algunas de ellas. Si sigue utilizando nuestro sitio web, acepta el uso que hacemos de las cookies. El software y el hardware que utiliza para acceder al sitio web le permiten rechazar nuevas cookies o eliminar las existentes. Rechazar o eliminar estas cookies puede limitar su capacidad para aprovechar algunas funciones de este sitio web.<\/span><\/p><h3><span lang=\"es-ES\"><strong>Informaci\u00f3n recopilada cuando se pone en contacto con nosotros o se suscribe a nuestras alertas de noticias a trav\u00e9s de este sitio web<\/strong><\/span><\/h3><p><span lang=\"es-ES\">Durante su visita a este sitio web puede enviar un correo electr\u00f3nico a SSF. Su direcci\u00f3n de correo electr\u00f3nico y la informaci\u00f3n incluida en su mensaje se utilizar\u00e1n para responderle, para tratar los problemas que usted identifique o para mejorar este sitio web.<\/span><\/p><p><span lang=\"es-ES\">Durante su visita a este sitio web puede iniciar una transacci\u00f3n, como una encuesta o un registro. La informaci\u00f3n, incluida la informaci\u00f3n personal, que usted ofrece al iniciar la transacci\u00f3n es utilizada por SSF para operar los programas de SSF, que incluyen el suministro de bienes, servicios e informaci\u00f3n.<\/span><\/p><h3><span lang=\"es-ES\"><strong>Controlador<\/strong><\/span><\/h3><p><span lang=\"es-ES\">SSF procesa datos personales como empleador, como proveedor de servicios, con fines de marketing y en relaci\u00f3n con las visitas a nuestro sitio web. En calidad de responsable del tratamiento, tratamos los datos personales para los siguientes fines principales:<\/span><\/p><h3><span lang=\"es-ES\"><strong>Informaci\u00f3n sobre clientes y proveedores<\/strong><\/span><\/h3><p><span lang=\"es-ES\">SSF procesa datos personales relativos a los clientes y proveedores, as\u00ed como a cualquier tercero necesario para el cumplimiento de las obligaciones contractuales. Esta informaci\u00f3n personal puede intercambiarse entre entidades jur\u00eddicas dentro de SSF, pero no se divulgar\u00e1 a menos que se indique lo contrario en los contratos de servicios pertinentes o que lo exija la ley.<\/span><\/p><p><span lang=\"es-ES\">La informaci\u00f3n que se procesa es informaci\u00f3n de contacto de clientes y proveedores, y los datos personales se almacenar\u00e1n de forma segura.<\/span><\/p><h3><span lang=\"es-ES\"><strong>Marketing<\/strong><\/span><\/h3><p><span lang=\"es-ES\">SSF procesa datos personales con fines de marketing. Esta informaci\u00f3n personal puede ser intercambiada entre las distintas entidades legales de SSF, pero no ser\u00e1 revelada a otras empresas.<\/span><\/p><p><span lang=\"es-ES\">SSF procesa la informaci\u00f3n de contacto de los clientes potenciales. La informaci\u00f3n se obtiene de fuentes p\u00fablicas, como las p\u00e1ginas web de las empresas, o del contacto directo con la empresa en cuesti\u00f3n. La finalidad de este tratamiento de datos personales es promover la comercializaci\u00f3n de nuestros servicios y coordinar este esfuerzo de comercializaci\u00f3n.<\/span><\/p><p><span lang=\"es-ES\">SSF tiene un inter\u00e9s leg\u00edtimo en ponerse en contacto con clientes potenciales para promocionar nuestros servicios y, en nuestra opini\u00f3n, este inter\u00e9s no queda anulado por los intereses del interesado. Se hace referencia aqu\u00ed al hecho de que solo tratamos la informaci\u00f3n de contacto relacionada con el puesto de los interesados en su empresa. Los datos personales relativos a clientes potenciales se eliminar\u00e1n a menos que se establezca una relaci\u00f3n con el cliente.<\/span><\/p><h3><span lang=\"es-ES\"><strong>Recursos humanos<\/strong><\/span><\/h3><p><span lang=\"es-ES\">SSF procesa informaci\u00f3n personal como parte de la gesti\u00f3n de recursos humanos.<\/span><\/p><p><span lang=\"es-ES\">Los datos personales relativos a los puestos vacantes y a las solicitudes de empleo se eliminar\u00e1n un a\u00f1o despu\u00e9s de que usted haya solicitado el empleo, a menos que est\u00e9 contratado o que haya dado su consentimiento expl\u00edcito para que se sigan almacenando.<\/span><\/p><h3><span lang=\"es-ES\"><strong>Intercambio y transferencia<\/strong><\/span><\/h3><p><span lang=\"es-ES\">Podemos compartir su informaci\u00f3n dentro de SSF, as\u00ed como con terceros, en la medida necesaria para los fines descritos anteriormente y permitidos por la ley.<\/span><\/p><h3><span lang=\"es-ES\"><strong>Protecci\u00f3n de datos<\/strong><\/span><\/h3><p><span lang=\"es-ES\">Nos tomamos muy en serio la protecci\u00f3n de datos y hemos adoptado las medidas de seguridad adecuadas para proteger sus datos personales contra la p\u00e9rdida, el uso indebido, el acceso no autorizado, el robo, la alteraci\u00f3n, la divulgaci\u00f3n o la destrucci\u00f3n. Limitaremos el acceso a sus datos personales a quienes tengan una necesidad leg\u00edtima de acceder a ellos.<\/span><\/p><p><span lang=\"es-ES\">El grupo SSF cumple con los requisitos legales y evita riesgos legales inaceptables.<\/span><\/p><h3><span lang=\"es-ES\"><strong>Conservaci\u00f3n de datos personales<\/strong><\/span><\/h3><p><span lang=\"es-ES\">SSF solo conservar\u00e1 los datos personales si es necesario para los fines descritos anteriormente. Cuando el almacenamiento ya no sea necesario, eliminaremos, destruiremos o anonimizaremos los datos personales pertinentes.<\/span><\/p><h3><span lang=\"es-ES\"><strong>Ejercicio de sus derechos y contacto con nosotros<\/strong><\/span><\/h3><p><span lang=\"es-ES\">Tiene derecho a pedirnos una copia de cualquier dato personal que nos haya proporcionado o que mantengamos sobre usted y a solicitar una explicaci\u00f3n sobre el tratamiento. Adem\u00e1s, tiene derecho a retirar cualquier consentimiento previamente concedido o a solicitar la correcci\u00f3n, modificaci\u00f3n, restricci\u00f3n, anonimizaci\u00f3n o supresi\u00f3n de sus datos personales. Adem\u00e1s, tiene derecho a obtener los datos personales que nos proporcione con su consentimiento o en relaci\u00f3n con un contrato en un formato estructurado y legible por m\u00e1quina, as\u00ed como a pedirnos que transfiramos estos datos a otro responsable del tratamiento.<\/span><\/p><p><span lang=\"es-ES\">Tambi\u00e9n tiene derecho a oponerse al tratamiento de sus datos personales en algunas circunstancias, en particular cuando utilizamos sus datos para marketing directo o para crear un perfil de marketing.<\/span><\/p><p><span lang=\"es-ES\">Podemos negarnos a tramitar las solicitudes que sean fr\u00edvolas o vejatorias, que pongan en peligro la privacidad de otras personas, que sean muy poco pr\u00e1cticas o cuyo acceso no sea necesario seg\u00fan la legislaci\u00f3n local. Las solicitudes de acceso, correcci\u00f3n o eliminaci\u00f3n pueden realizarse enviando un correo electr\u00f3nico a\u00a0marketing.ssf@stolt.com<\/span><\/p><h3><span lang=\"es-ES\"><strong>Cambios en esta pol\u00edtica de privacidad<\/strong><\/span><\/h3><p><span lang=\"es-ES\">Podemos actualizar esta Pol\u00edtica de Privacidad en cualquier momento. Le animamos a que revise nuestra Pol\u00edtica de Privacidad con regularidad para ver si hay cambios y as\u00ed mantenerse informado sobre c\u00f3mo SSF protege y utiliza sus datos personales.<\/span><\/p><h3><span lang=\"es-ES\"><strong>Descargo de responsabilidad<\/strong><\/span><\/h3><p><span lang=\"es-ES\">La informaci\u00f3n proporcionada en esta pol\u00edtica de privacidad no debe interpretarse como un asesoramiento comercial, legal o de otro tipo, ni como una garant\u00eda a prueba de fallos, de la seguridad de la informaci\u00f3n proporcionada a trav\u00e9s de este sitio web.<\/span><\/p><p><span lang=\"es-ES\">Esta pol\u00edtica de privacidad se actualiz\u00f3 por \u00faltima vez el 24 de mayo de 2018.<\/span><\/p>","_et_gb_content_width":"","footnotes":""},"class_list":["post-1577","page","type-page","status-publish","hentry"],"acf":[],"_links":{"self":[{"href":"https:\/\/neptura.invbit.systems\/en\/wp-json\/wp\/v2\/pages\/1577","targetHints":{"allow":["GET"]}}],"collection":[{"href":"https:\/\/neptura.invbit.systems\/en\/wp-json\/wp\/v2\/pages"}],"about":[{"href":"https:\/\/neptura.invbit.systems\/en\/wp-json\/wp\/v2\/types\/page"}],"author":[{"embeddable":true,"href":"https:\/\/neptura.invbit.systems\/en\/wp-json\/wp\/v2\/users\/1"}],"replies":[{"embeddable":true,"href":"https:\/\/neptura.invbit.systems\/en\/wp-json\/wp\/v2\/comments?post=1577"}],"version-history":[{"count":4,"href":"https:\/\/neptura.invbit.systems\/en\/wp-json\/wp\/v2\/pages\/1577\/revisions"}],"predecessor-version":[{"id":1879,"href":"https:\/\/neptura.invbit.systems\/en\/wp-json\/wp\/v2\/pages\/1577\/revisions\/1879"}],"wp:attachment":[{"href":"https:\/\/neptura.invbit.systems\/en\/wp-json\/wp\/v2\/media?parent=1577"}],"curies":[{"name":"wp","href":"https:\/\/api.w.org\/{rel}","templated":true}]}}